{"id":4095,"date":"2022-02-18T12:09:11","date_gmt":"2022-02-18T16:09:11","guid":{"rendered":"https:\/\/friesland.com.py\/de\/?page_id=4095"},"modified":"2022-02-18T12:09:13","modified_gmt":"2022-02-18T16:09:13","slug":"verschiedenes","status":"publish","type":"page","link":"https:\/\/friesland.com.py\/de\/verschiedenes\/","title":{"rendered":"Verschiedenes"},"content":{"rendered":"\n\n[et_pb_section fb_built=&#8220;1&#8243; fullwidth=&#8220;on&#8220; _builder_version=&#8220;4.14.7&#8243; _module_preset=&#8220;default&#8220; background_enable_image=&#8220;off&#8220; background_position=&#8220;bottom_left&#8220; max_width=&#8220;1440px&#8220; max_width_tablet=&#8220;980px&#8220; max_width_phone=&#8220;680px&#8220; max_width_last_edited=&#8220;on|phone&#8220; module_alignment=&#8220;center&#8220; top_divider_height=&#8220;251px&#8220; global_colors_info=&#8220;{}&#8220;][et_pb_fullwidth_image src=&#8220;https:\/\/friesland.com.py\/de\/files\/2022\/02\/blume.png&#8220; title_text=&#8220;blume&#8220; _builder_version=&#8220;4.14.7&#8243; _module_preset=&#8220;default&#8220; custom_margin_tablet=&#8220;&#8220; custom_margin_phone=&#8220;80px||||false|false&#8220; custom_margin_last_edited=&#8220;on|phone&#8220; scroll_vertical_motion=&#8220;0|50|50|100|0|0|-3&#8243; scroll_fade=&#8220;0|48|48|100|100%|100|100&#8243; scroll_blur=&#8220;0|39|74|100|62px|0px|0px&#8220; motion_trigger_start=&#8220;bottom&#8220; global_colors_info=&#8220;{}&#8220;][\/et_pb_fullwidth_image][et_pb_fullwidth_image src=&#8220;https:\/\/friesland.com.py\/de\/files\/2022\/02\/dreieck_if.png&#8220; title_text=&#8220;dreieck_if&#8220; _builder_version=&#8220;4.14.7&#8243; _module_preset=&#8220;default&#8220; width=&#8220;33%&#8220; module_alignment=&#8220;left&#8220; custom_margin=&#8220;-433px||||false|false&#8220; custom_margin_tablet=&#8220;-297px||||false|false&#8220; custom_margin_phone=&#8220;-207px||||false|false&#8220; custom_margin_last_edited=&#8220;on|phone&#8220; scroll_vertical_motion=&#8220;0|50|50|100|0|0|-3&#8243; scroll_fade=&#8220;0|48|48|100|100%|100|100&#8243; scroll_blur=&#8220;0|39|74|100|62px|0px|0px&#8220; motion_trigger_start=&#8220;bottom&#8220; hover_enabled=&#8220;0&#8243; global_colors_info=&#8220;{}&#8220; sticky_enabled=&#8220;0&#8243; global_module=&#8220;4223&#8243; saved_tabs=&#8220;all&#8220; url=&#8220;https:\/\/www.facebook.com\/frieslandpy&#8220;][\/et_pb_fullwidth_image][\/et_pb_section][et_pb_section fb_built=&#8220;1&#8243; _builder_version=&#8220;4.14.7&#8243; _module_preset=&#8220;default&#8220; custom_margin=&#8220;||||false|false&#8220; global_colors_info=&#8220;{}&#8220;][et_pb_row _builder_version=&#8220;4.14.7&#8243; _module_preset=&#8220;default&#8220; global_colors_info=&#8220;{}&#8220;][et_pb_column type=&#8220;4_4&#8243; _builder_version=&#8220;4.14.7&#8243; _module_preset=&#8220;default&#8220; global_colors_info=&#8220;{}&#8220;][et_pb_post_title meta=&#8220;off&#8220; featured_image=&#8220;off&#8220; _builder_version=&#8220;4.14.7&#8243; _module_preset=&#8220;default&#8220; global_colors_info=&#8220;{}&#8220;][\/et_pb_post_title][\/et_pb_column][\/et_pb_row][et_pb_row column_structure=&#8220;3_5,2_5&#8243; disabled_on=&#8220;on|on|off&#8220; _builder_version=&#8220;4.14.7&#8243; _module_preset=&#8220;default&#8220; global_colors_info=&#8220;{}&#8220;][et_pb_column type=&#8220;3_5&#8243; _builder_version=&#8220;4.14.5&#8243; _module_preset=&#8220;default&#8220; global_colors_info=&#8220;{}&#8220;][et_pb_blurb title=&#8220;Die Gemeinden und das Komitee f\u00fcr Kirchenangelegenheiten&#8220; content_max_width=&#8220;1100px&#8220; _builder_version=&#8220;4.14.7&#8243; _module_preset=&#8220;default&#8220; header_level=&#8220;h3&#8243; body_font=&#8220;||||||||&#8220; text_shadow_style=&#8220;preset1&#8243; text_shadow_vertical_length=&#8220;0em&#8220; text_shadow_blur_strength=&#8220;0em&#8220; text_shadow_color=&#8220;#000000&#8243; global_colors_info=&#8220;{}&#8220;]<p>In der Kolonie Friesland gibt es seit ihrer Gr\u00fcndung zwei Gemeinden, die \u201eMennoniten Gemeinde\u201c und die \u201eMennoniten Br\u00fcdergemeinde\u201c. Die Gemeinden veranstalten sowohl separat als auch gemeinsam ihre Gottesdiente und Aktivit\u00e4ten mit Kindern und Jugendlichen. Beide Gemeinden teilen ihr Glaubensfundament und basieren es auf das Wort Gottes. Der Weg des Heils ist nicht die Mitgliedschaft in einer bestimmten Gemeinde, sondern die Beziehung zu Gott durch seinen Sohn Jesus Christus, der der einzige Weg zum ewigen Leben beim Vater, Gott, ist.<\/p>\n<p>In der Kommission f\u00fcr Kirchenangelegenheiten, der KfK, sind beide Gemeinden vertreten. Dieses Gremium ist f\u00fcr die Organisation der gemeinsamen Veranstaltungen wie Evangelisationen, Erntedankfeste, Gedenktage usw. verantwortlich.<\/p>\n<p>Gemeinsam f\u00fchren sie eine Missionsarbeit in der Zone durch.<\/p>[\/et_pb_blurb][\/et_pb_column][et_pb_column type=&#8220;2_5&#8243; _builder_version=&#8220;4.14.7&#8243; _module_preset=&#8220;default&#8220; global_colors_info=&#8220;{}&#8220;][et_pb_image src=&#8220;https:\/\/friesland.com.py\/de\/files\/2022\/02\/mgf.png&#8220; title_text=&#8220;mgf&#8220; _builder_version=&#8220;4.14.7&#8243; _module_preset=&#8220;default&#8220; global_colors_info=&#8220;{}&#8220;][\/et_pb_image][et_pb_image src=&#8220;https:\/\/friesland.com.py\/de\/files\/2022\/02\/bruedergemeinde.png&#8220; title_text=&#8220;br\u00fcdergemeinde&#8220; _builder_version=&#8220;4.14.7&#8243; _module_preset=&#8220;default&#8220; global_colors_info=&#8220;{}&#8220;][\/et_pb_image][\/et_pb_column][\/et_pb_row][et_pb_row column_structure=&#8220;3_4,1_4&#8243; disabled_on=&#8220;on|on|off&#8220; _builder_version=&#8220;4.14.7&#8243; _module_preset=&#8220;default&#8220; global_colors_info=&#8220;{}&#8220;][et_pb_column type=&#8220;3_4&#8243; _builder_version=&#8220;4.14.5&#8243; _module_preset=&#8220;default&#8220; global_colors_info=&#8220;{}&#8220;][et_pb_blurb title=&#8220;Friesland im nationalen Kontext&#8220; content_max_width=&#8220;1100px&#8220; _builder_version=&#8220;4.14.7&#8243; _module_preset=&#8220;default&#8220; header_level=&#8220;h3&#8243; body_font=&#8220;||||||||&#8220; text_shadow_style=&#8220;preset1&#8243; text_shadow_vertical_length=&#8220;0em&#8220; text_shadow_blur_strength=&#8220;0em&#8220; text_shadow_color=&#8220;#000000&#8243; global_colors_info=&#8220;{}&#8220;]<p>Die Kooperative Friesland und die Zivile Vereinigung der Kolonie sind juristisch von der nationalen Regierung anerkannt und unterstehen dem Rathaus von Itacurub\u00ed del Rosario. Mit diesem Rathaus (zu Spanisch: municipalidad) wird eine intensive Zusammenarbeit durch die B\u00fcrgervereinigung, der \u201eJunta Comunal de Vecinos\u201c, angestrebt.<\/p>\n<p>Durch die Vereinigung der Mennoniten Kolonien in Paraguay (ACOMEPA) ist die Kolonie Friesland auch in st\u00e4ndiger Verbindung mit den anderen mennonitischen Kolonien in Paraguay.<\/p>\n<p>Jede Generation der Kolonie Friesland bem\u00fcht sich tag t\u00e4glich darum, die Gemeinschaft mit gegenseitigem Vertrauen aufzubauen und zu st\u00e4rken. Ein wichtiges Ziel ist, den eigenen Glauben und die Tradition beizubehalten, und sich trotzdem in der Umgebung zu integrieren und ein Vorbild zu sein in guter Lebensf\u00fchrung und effektiver Arbeit.<\/p>\n<p>Die Herausforderung f\u00fcr Friesland in Zukunft ist, einen positiven Beitrag f\u00fcr Paraguay zu liefern und neue Hoffnungen f\u00fcr unsere Kinder und Nachbarn zu schaffen!<\/p>[\/et_pb_blurb][\/et_pb_column][et_pb_column type=&#8220;1_4&#8243; _builder_version=&#8220;4.14.5&#8243; _module_preset=&#8220;default&#8220; global_colors_info=&#8220;{}&#8220;][\/et_pb_column][\/et_pb_row][\/et_pb_section][et_pb_section fb_built=&#8220;1&#8243; _builder_version=&#8220;4.14.7&#8243; _module_preset=&#8220;default&#8220; global_colors_info=&#8220;{}&#8220;][et_pb_row _builder_version=&#8220;4.2&#8243; global_module=&#8220;4079&#8243; global_colors_info=&#8220;{}&#8220;][et_pb_column type=&#8220;4_4&#8243; _builder_version=&#8220;4.2&#8243; global_colors_info=&#8220;{}&#8220;][et_pb_video_slider show_image_overlay=&#8220;on&#8220; _builder_version=&#8220;4.14.7&#8243; global_colors_info=&#8220;{}&#8220;][et_pb_video_slider_item src=&#8220;https:\/\/www.youtube.com\/watch?v=t2a4P0DQmtw&#8220; _builder_version=&#8220;4.14.7&#8243; global_colors_info=&#8220;{}&#8220; show_image_overlay=&#8220;on&#8220;][\/et_pb_video_slider_item][\/et_pb_video_slider][\/et_pb_column][\/et_pb_row][\/et_pb_section][et_pb_section fb_built=&#8220;1&#8243; _builder_version=&#8220;4.14.7&#8243; _module_preset=&#8220;default&#8220; background_color=&#8220;RGBA(255,255,255,0)&#8220; global_module=&#8220;4055&#8243; saved_tabs=&#8220;all&#8220; collapsed=&#8220;on&#8220; global_colors_info=&#8220;{}&#8220;][et_pb_row column_structure=&#8220;1_3,1_3,1_3&#8243; _builder_version=&#8220;4.14.7&#8243; _module_preset=&#8220;default&#8220; custom_margin=&#8220;|auto|-40px|auto|false|false&#8220; global_colors_info=&#8220;{}&#8220;][et_pb_column type=&#8220;1_3&#8243; _builder_version=&#8220;4.14.7&#8243; _module_preset=&#8220;default&#8220; global_colors_info=&#8220;{}&#8220;][\/et_pb_column][et_pb_column type=&#8220;1_3&#8243; _builder_version=&#8220;4.14.7&#8243; _module_preset=&#8220;default&#8220; global_colors_info=&#8220;{}&#8220;][et_pb_blurb content_max_width_tablet=&#8220;&#8220; content_max_width_phone=&#8220;&#8220; content_max_width_last_edited=&#8220;on|desktop&#8220; _builder_version=&#8220;4.14.7&#8243; _module_preset=&#8220;default&#8220; header_font=&#8220;||||||||&#8220; header_font_size=&#8220;30px&#8220; background_color=&#8220;RGBA(255,255,255,0)&#8220; text_orientation=&#8220;center&#8220; custom_margin=&#8220;||15px||false|false&#8220; border_width_top=&#8220;5px&#8220; border_color_top=&#8220;#273378&#8243; global_colors_info=&#8220;{}&#8220; content_max_width__hover_enabled=&#8220;off|desktop&#8220; width__hover_enabled=&#8220;off|desktop&#8220;][\/et_pb_blurb][\/et_pb_column][et_pb_column type=&#8220;1_3&#8243; _builder_version=&#8220;4.14.7&#8243; _module_preset=&#8220;default&#8220; global_colors_info=&#8220;{}&#8220;][\/et_pb_column][\/et_pb_row][et_pb_row column_structure=&#8220;1_3,1_3,1_3&#8243; disabled_on=&#8220;on|on|off&#8220; _builder_version=&#8220;4.14.7&#8243; _module_preset=&#8220;default&#8220; global_colors_info=&#8220;{}&#8220;][et_pb_column type=&#8220;1_3&#8243; _builder_version=&#8220;4.14.7&#8243; _module_preset=&#8220;default&#8220; global_colors_info=&#8220;{}&#8220;][et_pb_image src=&#8220;https:\/\/friesland.com.py\/de\/files\/2022\/02\/telefon.png&#8220; title_text=&#8220;telefon&#8220; url=&#8220;@ET-DC@eyJkeW5hbWljIjp0cnVlLCJjb250ZW50IjoicG9zdF9saW5rX3VybF9wYWdlIiwic2V0dGluZ3MiOnsicG9zdF9pZCI6IjI1OSJ9fQ==@&#8220; align=&#8220;right&#8220; _builder_version=&#8220;4.14.7&#8243; _dynamic_attributes=&#8220;url&#8220; _module_preset=&#8220;default&#8220; global_colors_info=&#8220;{}&#8220;][\/et_pb_image][\/et_pb_column][et_pb_column type=&#8220;1_3&#8243; _builder_version=&#8220;4.14.7&#8243; _module_preset=&#8220;default&#8220; global_colors_info=&#8220;{}&#8220;][et_pb_image src=&#8220;https:\/\/friesland.com.py\/de\/files\/2022\/02\/Rechteck-mitte.png&#8220; title_text=&#8220;Rechteck mitte&#8220; url=&#8220;https:\/\/www.facebook.com\/frieslandpy&#8220; align=&#8220;center&#8220; _builder_version=&#8220;4.14.7&#8243; _module_preset=&#8220;default&#8220; global_colors_info=&#8220;{}&#8220;][\/et_pb_image][\/et_pb_column][et_pb_column type=&#8220;1_3&#8243; _builder_version=&#8220;4.14.7&#8243; _module_preset=&#8220;default&#8220; global_colors_info=&#8220;{}&#8220;][et_pb_image src=&#8220;https:\/\/friesland.com.py\/de\/files\/2022\/02\/Rechteck-rechts.png&#8220; title_text=&#8220;Rechteck rechts&#8220; url=&#8220;https:\/\/www.instagram.com\/friesland.py\/&#8220; _builder_version=&#8220;4.14.7&#8243; _module_preset=&#8220;default&#8220; global_colors_info=&#8220;{}&#8220;][\/et_pb_image][\/et_pb_column][\/et_pb_row][et_pb_row column_structure=&#8220;1_6,1_6,1_6,1_6,1_6,1_6&#8243; disabled_on=&#8220;on|off|on&#8220; _builder_version=&#8220;4.14.7&#8243; _module_preset=&#8220;default&#8220; global_colors_info=&#8220;{}&#8220;][et_pb_column type=&#8220;1_6&#8243; _builder_version=&#8220;4.14.7&#8243; _module_preset=&#8220;default&#8220; global_colors_info=&#8220;{}&#8220;][et_pb_image src=&#8220;https:\/\/friesland.com.py\/de\/files\/2022\/02\/telefon.png&#8220; title_text=&#8220;telefon&#8220; url=&#8220;@ET-DC@eyJkeW5hbWljIjp0cnVlLCJjb250ZW50IjoicG9zdF9saW5rX3VybF9wYWdlIiwic2V0dGluZ3MiOnsicG9zdF9pZCI6IjI1OSJ9fQ==@&#8220; align=&#8220;right&#8220; _builder_version=&#8220;4.14.7&#8243; _dynamic_attributes=&#8220;url&#8220; _module_preset=&#8220;default&#8220; global_colors_info=&#8220;{}&#8220;][\/et_pb_image][\/et_pb_column][et_pb_column type=&#8220;1_6&#8243; _builder_version=&#8220;4.14.7&#8243; _module_preset=&#8220;default&#8220; global_colors_info=&#8220;{}&#8220;][et_pb_image src=&#8220;https:\/\/friesland.com.py\/de\/files\/2022\/02\/Rechteck-mitte.png&#8220; title_text=&#8220;Rechteck mitte&#8220; url=&#8220;https:\/\/www.facebook.com\/frieslandpy&#8220; align=&#8220;center&#8220; _builder_version=&#8220;4.14.7&#8243; _module_preset=&#8220;default&#8220; global_colors_info=&#8220;{}&#8220;][\/et_pb_image][\/et_pb_column][et_pb_column type=&#8220;1_6&#8243; _builder_version=&#8220;4.14.7&#8243; _module_preset=&#8220;default&#8220; global_colors_info=&#8220;{}&#8220;][et_pb_image src=&#8220;https:\/\/friesland.com.py\/de\/files\/2022\/02\/Rechteck-rechts.png&#8220; title_text=&#8220;Rechteck rechts&#8220; url=&#8220;https:\/\/www.instagram.com\/friesland.py\/&#8220; _builder_version=&#8220;4.14.7&#8243; _module_preset=&#8220;default&#8220; global_colors_info=&#8220;{}&#8220;][\/et_pb_image][\/et_pb_column][et_pb_column type=&#8220;1_6&#8243; _builder_version=&#8220;4.14.7&#8243; _module_preset=&#8220;default&#8220; global_colors_info=&#8220;{}&#8220;][\/et_pb_column][et_pb_column type=&#8220;1_6&#8243; _builder_version=&#8220;4.14.7&#8243; _module_preset=&#8220;default&#8220; global_colors_info=&#8220;{}&#8220;][\/et_pb_column][et_pb_column type=&#8220;1_6&#8243; _builder_version=&#8220;4.14.7&#8243; _module_preset=&#8220;default&#8220; global_colors_info=&#8220;{}&#8220;][\/et_pb_column][\/et_pb_row][et_pb_row column_structure=&#8220;1_3,1_3,1_3&#8243; disabled_on=&#8220;off|on|on&#8220; _builder_version=&#8220;4.14.7&#8243; _module_preset=&#8220;default&#8220; global_colors_info=&#8220;{}&#8220;][et_pb_column type=&#8220;1_3&#8243; _builder_version=&#8220;4.14.7&#8243; _module_preset=&#8220;default&#8220; global_colors_info=&#8220;{}&#8220;][et_pb_image src=&#8220;https:\/\/friesland.com.py\/de\/files\/2022\/02\/telefon.png&#8220; title_text=&#8220;telefon&#8220; url=&#8220;@ET-DC@eyJkeW5hbWljIjp0cnVlLCJjb250ZW50IjoicG9zdF9saW5rX3VybF9wYWdlIiwic2V0dGluZ3MiOnsicG9zdF9pZCI6IjI1OSJ9fQ==@&#8220; align=&#8220;center&#8220; disabled_on=&#8220;off|off|off&#8220; _builder_version=&#8220;4.14.7&#8243; _dynamic_attributes=&#8220;url&#8220; _module_preset=&#8220;default&#8220; global_colors_info=&#8220;{}&#8220;][\/et_pb_image][\/et_pb_column][et_pb_column type=&#8220;1_3&#8243; _builder_version=&#8220;4.14.7&#8243; _module_preset=&#8220;default&#8220; global_colors_info=&#8220;{}&#8220;][et_pb_image src=&#8220;https:\/\/friesland.com.py\/de\/files\/2022\/02\/Rechteck-mitte.png&#8220; title_text=&#8220;Rechteck mitte&#8220; url=&#8220;https:\/\/www.facebook.com\/frieslandpy&#8220; align=&#8220;center&#8220; _builder_version=&#8220;4.14.7&#8243; _module_preset=&#8220;default&#8220; global_colors_info=&#8220;{}&#8220;][\/et_pb_image][\/et_pb_column][et_pb_column type=&#8220;1_3&#8243; _builder_version=&#8220;4.14.7&#8243; _module_preset=&#8220;default&#8220; global_colors_info=&#8220;{}&#8220;][et_pb_image src=&#8220;https:\/\/friesland.com.py\/de\/files\/2022\/02\/Rechteck-rechts.png&#8220; title_text=&#8220;Rechteck rechts&#8220; url=&#8220;https:\/\/www.instagram.com\/friesland.py\/&#8220; align=&#8220;center&#8220; _builder_version=&#8220;4.14.7&#8243; _module_preset=&#8220;default&#8220; global_colors_info=&#8220;{}&#8220;][\/et_pb_image][\/et_pb_column][\/et_pb_row][\/et_pb_section]\n\n","protected":false},"excerpt":{"rendered":"<p>In der Kolonie Friesland gibt es seit ihrer Gr\u00fcndung zwei Gemeinden, die \u201eMennoniten Gemeinde\u201c und die \u201eMennoniten Br\u00fcdergemeinde\u201c. Die Gemeinden veranstalten sowohl separat als auch gemeinsam ihre Gottesdiente und Aktivit\u00e4ten mit Kindern und Jugendlichen. Beide Gemeinden teilen ihr Glaubensfundament und basieren es auf das Wort Gottes. Der Weg des Heils ist nicht die Mitgliedschaft in [&hellip;]<\/p>\n","protected":false},"author":1,"featured_media":0,"parent":0,"menu_order":0,"comment_status":"closed","ping_status":"closed","template":"","meta":{"_et_pb_use_builder":"on","_et_pb_old_content":"","_et_gb_content_width":"","jetpack_post_was_ever_published":false,"footnotes":""},"class_list":["post-4095","page","type-page","status-publish","hentry"],"jetpack_shortlink":"https:\/\/wp.me\/P2Q8BF-143","jetpack_sharing_enabled":true,"_links":{"self":[{"href":"https:\/\/friesland.com.py\/de\/wp-json\/wp\/v2\/pages\/4095","targetHints":{"allow":["GET"]}}],"collection":[{"href":"https:\/\/friesland.com.py\/de\/wp-json\/wp\/v2\/pages"}],"about":[{"href":"https:\/\/friesland.com.py\/de\/wp-json\/wp\/v2\/types\/page"}],"author":[{"embeddable":true,"href":"https:\/\/friesland.com.py\/de\/wp-json\/wp\/v2\/users\/1"}],"replies":[{"embeddable":true,"href":"https:\/\/friesland.com.py\/de\/wp-json\/wp\/v2\/comments?post=4095"}],"version-history":[{"count":6,"href":"https:\/\/friesland.com.py\/de\/wp-json\/wp\/v2\/pages\/4095\/revisions"}],"predecessor-version":[{"id":4244,"href":"https:\/\/friesland.com.py\/de\/wp-json\/wp\/v2\/pages\/4095\/revisions\/4244"}],"wp:attachment":[{"href":"https:\/\/friesland.com.py\/de\/wp-json\/wp\/v2\/media?parent=4095"}],"curies":[{"name":"wp","href":"https:\/\/api.w.org\/{rel}","templated":true}]}}