{"id":4267,"date":"2022-02-18T12:24:08","date_gmt":"2022-02-18T16:24:08","guid":{"rendered":"https:\/\/friesland.com.py\/de\/?page_id=4267"},"modified":"2022-02-18T14:22:56","modified_gmt":"2022-02-18T18:22:56","slug":"kontakt","status":"publish","type":"page","link":"https:\/\/friesland.com.py\/de\/kontakt\/","title":{"rendered":"Kontakt"},"content":{"rendered":"<p>[et_pb_section fb_built=&#8220;1&#8243; fullwidth=&#8220;on&#8220; _builder_version=&#8220;4.14.7&#8243; _module_preset=&#8220;default&#8220; background_enable_image=&#8220;off&#8220; background_position=&#8220;bottom_left&#8220; max_width=&#8220;1440px&#8220; max_width_tablet=&#8220;980px&#8220; max_width_phone=&#8220;680px&#8220; max_width_last_edited=&#8220;on|phone&#8220; module_alignment=&#8220;center&#8220; top_divider_height=&#8220;251px&#8220; global_colors_info=&#8220;{}&#8220;][et_pb_fullwidth_image src=&#8220;https:\/\/friesland.com.py\/de\/files\/2022\/01\/header-scaled-e1641459659246.jpg&#8220; title_text=&#8220;header&#8220; _builder_version=&#8220;4.14.7&#8243; _module_preset=&#8220;default&#8220; custom_margin_tablet=&#8220;&#8220; custom_margin_phone=&#8220;80px||||false|false&#8220; custom_margin_last_edited=&#8220;on|phone&#8220; scroll_vertical_motion=&#8220;0|50|50|100|0|0|-3&#8243; scroll_fade=&#8220;0|48|48|100|100%|100|100&#8243; scroll_blur=&#8220;0|39|74|100|62px|0px|0px&#8220; motion_trigger_start=&#8220;bottom&#8220; global_colors_info=&#8220;{}&#8220;][\/et_pb_fullwidth_image][et_pb_fullwidth_image src=&#8220;https:\/\/friesland.com.py\/de\/files\/2022\/02\/dreieck_if.png&#8220; title_text=&#8220;Social Media&#8220; url=&#8220;https:\/\/www.facebook.com\/frieslandpy&#8220; _builder_version=&#8220;4.14.7&#8243; _module_preset=&#8220;default&#8220; width=&#8220;33%&#8220; module_alignment=&#8220;left&#8220; custom_margin=&#8220;-433px||||false|false&#8220; custom_margin_tablet=&#8220;-297px||||false|false&#8220; custom_margin_phone=&#8220;-207px||||false|false&#8220; custom_margin_last_edited=&#8220;on|phone&#8220; scroll_vertical_motion=&#8220;0|50|50|100|0|0|-3&#8243; scroll_fade=&#8220;0|48|48|100|100%|100|100&#8243; scroll_blur=&#8220;0|39|74|100|62px|0px|0px&#8220; motion_trigger_start=&#8220;bottom&#8220; global_module=&#8220;4223&#8243; saved_tabs=&#8220;all&#8220; global_colors_info=&#8220;{}&#8220;][\/et_pb_fullwidth_image][\/et_pb_section][et_pb_section fb_built=&#8220;1&#8243; _builder_version=&#8220;4.14.7&#8243; _module_preset=&#8220;default&#8220; global_colors_info=&#8220;{}&#8220;][et_pb_row column_structure=&#8220;1_3,1_3,1_3&#8243; _builder_version=&#8220;4.14.7&#8243; _module_preset=&#8220;default&#8220; global_colors_info=&#8220;{}&#8220;][et_pb_column type=&#8220;1_3&#8243; _builder_version=&#8220;4.14.7&#8243; _module_preset=&#8220;default&#8220; global_colors_info=&#8220;{}&#8220;][et_pb_contact_form use_spam_service=&#8220;on&#8220; recaptcha_list=&#8220;Friesland|Friesland-0&#8243; email=&#8220;dec@friesland.com.py&#8220; title=&#8220;Kontakt Online&#8220; success_message=&#8220;Nachricht erfolgreich \u00fcbermittelt&#8220; _builder_version=&#8220;4.14.7&#8243; _module_preset=&#8220;default&#8220; _unique_id=&#8220;4907aa6b-5aed-43ac-95e9-f80b0f27f52e&#8220; hover_enabled=&#8220;0&#8243; global_colors_info=&#8220;{}&#8220; sticky_enabled=&#8220;0&#8243;][et_pb_contact_field field_id=&#8220;Name&#8220; field_title=&#8220;Name&#8220; _builder_version=&#8220;4.14.7&#8243; global_colors_info=&#8220;{}&#8220; button_text_size__hover_enabled=&#8220;off&#8220; button_one_text_size__hover_enabled=&#8220;off&#8220; button_two_text_size__hover_enabled=&#8220;off&#8220; button_text_color__hover_enabled=&#8220;off&#8220; button_one_text_color__hover_enabled=&#8220;off&#8220; button_two_text_color__hover_enabled=&#8220;off&#8220; button_border_width__hover_enabled=&#8220;off&#8220; button_one_border_width__hover_enabled=&#8220;off&#8220; button_two_border_width__hover_enabled=&#8220;off&#8220; button_border_color__hover_enabled=&#8220;off&#8220; button_one_border_color__hover_enabled=&#8220;off&#8220; button_two_border_color__hover_enabled=&#8220;off&#8220; button_border_radius__hover_enabled=&#8220;off&#8220; button_one_border_radius__hover_enabled=&#8220;off&#8220; button_two_border_radius__hover_enabled=&#8220;off&#8220; button_letter_spacing__hover_enabled=&#8220;off&#8220; button_one_letter_spacing__hover_enabled=&#8220;off&#8220; button_two_letter_spacing__hover_enabled=&#8220;off&#8220; button_bg_color__hover_enabled=&#8220;off&#8220; button_one_bg_color__hover_enabled=&#8220;off&#8220; button_two_bg_color__hover_enabled=&#8220;off&#8220;][\/et_pb_contact_field][et_pb_contact_field field_id=&#8220;Email&#8220; field_title=&#8220;E-Mail-Adresse&#8220; field_type=&#8220;email&#8220; _builder_version=&#8220;4.14.7&#8243; global_colors_info=&#8220;{}&#8220; button_text_size__hover_enabled=&#8220;off&#8220; button_one_text_size__hover_enabled=&#8220;off&#8220; button_two_text_size__hover_enabled=&#8220;off&#8220; button_text_color__hover_enabled=&#8220;off&#8220; button_one_text_color__hover_enabled=&#8220;off&#8220; button_two_text_color__hover_enabled=&#8220;off&#8220; button_border_width__hover_enabled=&#8220;off&#8220; button_one_border_width__hover_enabled=&#8220;off&#8220; button_two_border_width__hover_enabled=&#8220;off&#8220; button_border_color__hover_enabled=&#8220;off&#8220; button_one_border_color__hover_enabled=&#8220;off&#8220; button_two_border_color__hover_enabled=&#8220;off&#8220; button_border_radius__hover_enabled=&#8220;off&#8220; button_one_border_radius__hover_enabled=&#8220;off&#8220; button_two_border_radius__hover_enabled=&#8220;off&#8220; button_letter_spacing__hover_enabled=&#8220;off&#8220; button_one_letter_spacing__hover_enabled=&#8220;off&#8220; button_two_letter_spacing__hover_enabled=&#8220;off&#8220; button_bg_color__hover_enabled=&#8220;off&#8220; button_one_bg_color__hover_enabled=&#8220;off&#8220; button_two_bg_color__hover_enabled=&#8220;off&#8220;][\/et_pb_contact_field][et_pb_contact_field field_id=&#8220;Message&#8220; field_title=&#8220;Nachricht&#8220; field_type=&#8220;text&#8220; fullwidth_field=&#8220;on&#8220; _builder_version=&#8220;3.16&#8243; global_colors_info=&#8220;{}&#8220; button_text_size__hover_enabled=&#8220;off&#8220; button_one_text_size__hover_enabled=&#8220;off&#8220; button_two_text_size__hover_enabled=&#8220;off&#8220; button_text_color__hover_enabled=&#8220;off&#8220; button_one_text_color__hover_enabled=&#8220;off&#8220; button_two_text_color__hover_enabled=&#8220;off&#8220; button_border_width__hover_enabled=&#8220;off&#8220; button_one_border_width__hover_enabled=&#8220;off&#8220; button_two_border_width__hover_enabled=&#8220;off&#8220; button_border_color__hover_enabled=&#8220;off&#8220; button_one_border_color__hover_enabled=&#8220;off&#8220; button_two_border_color__hover_enabled=&#8220;off&#8220; button_border_radius__hover_enabled=&#8220;off&#8220; button_one_border_radius__hover_enabled=&#8220;off&#8220; button_two_border_radius__hover_enabled=&#8220;off&#8220; button_letter_spacing__hover_enabled=&#8220;off&#8220; button_one_letter_spacing__hover_enabled=&#8220;off&#8220; button_two_letter_spacing__hover_enabled=&#8220;off&#8220; button_bg_color__hover_enabled=&#8220;off&#8220; button_one_bg_color__hover_enabled=&#8220;off&#8220; button_two_bg_color__hover_enabled=&#8220;off&#8220;][\/et_pb_contact_field][\/et_pb_contact_form][\/et_pb_column][et_pb_column type=&#8220;1_3&#8243; _builder_version=&#8220;4.14.7&#8243; _module_preset=&#8220;default&#8220; global_colors_info=&#8220;{}&#8220;][et_pb_text admin_label=&#8220;Text&#8220; _builder_version=&#8220;4.3.4&#8243; background_size=&#8220;initial&#8220; background_position=&#8220;top_left&#8220; background_repeat=&#8220;repeat&#8220; use_border_color=&#8220;off&#8220; border_color=&#8220;#ffffff&#8220; border_style=&#8220;solid&#8220; locked=&#8220;off&#8220; global_colors_info=&#8220;{}&#8220;]<\/p>\n<div>\n<h4><strong>Zentrale<\/strong><\/h4>\n<p><em>Anschrift<\/em>:<br \/> <em>\u00a0 \u00a0 \u00a0 <\/em>Col. Friesland<br \/> <em>\u00a0 \u00a0 \u00a0 <\/em>Itac. del Rosario<br \/> <em>\u00a0 \u00a0 \u00a0 <\/em>Depto. San Pedro &#8211; PY<\/p>\n<p><em>Postanschrift<\/em>:<br \/> <em>\u00a0 \u00a0 \u00a0 <\/em>Coop. Friesland<br \/> <em>\u00a0 \u00a0 \u00a0 <\/em>Ana D\u00edaz 1370 c\/Pa\u00ed P\u00e9rez<br \/> <em>\u00a0 \u00a0 \u00a0 <\/em>Asunci\u00f3n &#8211; Paraguay<br \/> <em>\u00a0 \u00a0 \u00a0 <\/em>c.d.c.1671<br \/> <em>\u00a0 \u00a0 \u00a0 Telefon<\/em>: +595(318)219032<br \/> <em>\u00a0 \u00a0 \u00a0 Email<\/em>: <span id=\"eeb-736801-916217\"><\/span><script type=\"text\/javascript\">(function(){var ml=\"moa2pr4-E3e.yklcA0thd%CnsFDfi\",mi=\"E9F2E3AC5:KE9JE3302L>B1E9@2H1?L2?L1GE6AK5L:H>2GD;?10;4<E33E3A?>2HHE9JE3302L>7>LG=E33E982H1?L2?L1GE6AK5L:H>2GD;?10;4<E9FE3I2E98\",o=\"\";for(var j=0,l=mi.length;j<l;j++){o+=ml.charAt(mi.charCodeAt(j)-48);}document.getElementById(\"eeb-736801-916217\").innerHTML = decodeURIComponent(o);}());<\/script><noscript>*protected email*<\/noscript><\/p>\n<p>&nbsp;<\/p>\n<\/div>\n<p>[\/et_pb_text][\/et_pb_column][et_pb_column type=\"1_3\" _builder_version=\"4.14.7\" _module_preset=\"default\" global_colors_info=\"{}\"][et_pb_text admin_label=\"Text\" _builder_version=\"4.3.4\" background_size=\"initial\" background_position=\"top_left\" background_repeat=\"repeat\" use_border_color=\"off\" border_color=\"#ffffff\" border_style=\"solid\" locked=\"off\" global_colors_info=\"{}\"]<\/p>\n<div>\n<h4><strong>Vertretung Asunci\u00f3n<\/strong><\/h4>\n<p><em>Anschrift<\/em>:<br \/><em>\u00a0 \u00a0 \u00a0 <\/em>Ana D\u00edaz 1370 c\/Pa\u00ed P\u00e9rez - Asunci\u00f3n -PY<\/p>\n<p><em>Postanschrift<\/em>:<br \/><em>\u00a0 \u00a0 \u00a0 <\/em>Coop. Friesland<br \/><em>\u00a0 \u00a0 \u00a0 <\/em>Ana D\u00edaz 1370 c\/Pa\u00ed P\u00e9rez<br \/><em>\u00a0 \u00a0 \u00a0 <\/em>Asunci\u00f3n - Paraguay<br \/><em>\u00a0 \u00a0 \u00a0 <\/em>c.d.c.1671<br \/><em>\u00a0 \u00a0 \u00a0 Telefon<\/em>.: +595(21)207597<br \/><em>\u00a0 \u00a0 \u00a0 Email<\/em>: <span id=\"eeb-744249-864624\"><\/span><br \/>\n<script type=\"text\/javascript\">(function(){var ml=\"2n%Dsm-Frlitha3dofyE.0C4keApc\",mi=\"2>F=20E<8IA2>32005=:9;@2>J8IK8I4I1;=L:@12GEA8:I49=1?DL@5DKB20020EL9=442>32005=:969:1H2002>C8IK8I4I1;=L:@12GEA8:I49=1?DL@5DKB2>F207=2>C\",o=\"\";for(var j=0,l=mi.length;j<l;j++){o+=ml.charAt(mi.charCodeAt(j)-48);}document.getElementById(\"eeb-744249-864624\").innerHTML = decodeURIComponent(o);}());<\/script><br \/>\n<noscript>*protected email*<\/noscript><\/p>\n<\/div>\n<div>\u00a0<\/div>\n<p>[\/et_pb_text][\/et_pb_column][\/et_pb_row][et_pb_row admin_label=\"Zeile\" _builder_version=\"4.14.7\" locked=\"off\" global_colors_info=\"{}\"][et_pb_column type=\"4_4\" saved_specialty_column_type=\"2_3\" _builder_version=\"4.14.7\" custom_padding=\"|||\" global_colors_info=\"{}\" custom_padding__hover=\"|||\"][et_pb_map address=\"Col Friesland, Paraguay\" zoom_level=\"6\" address_lat=\"-24.51691609619582\" address_lng=\"-57.05931997187497\" use_grayscale_filter=\"on\" grayscale_filter_amount=\"66\" admin_label=\"Karte\" _builder_version=\"4.14.7\" child_filter_saturate=\"34%\" global_colors_info=\"{}\"][et_pb_map_pin title=\"Kolonie Friesland\" pin_address=\"Col Friesland, Paraguay\" pin_address_lat=\"-24.631815\" pin_address_lng=\"-56.71874379999997\" _builder_version=\"3.0.47\" global_colors_info=\"{}\"] [\/et_pb_map_pin][et_pb_map_pin title=\"Vertretung Asunci\u00f3n\" pin_address=\"Ana D\u00edaz, Asunci\u00f3n, Paraguay\" pin_address_lat=\"-25.298494837422645\" pin_address_lng=\"-57.62860358213959\" _builder_version=\"3.0.47\" global_colors_info=\"{}\"] [\/et_pb_map_pin][\/et_pb_map][\/et_pb_column][\/et_pb_row][\/et_pb_section][et_pb_section fb_built=\"1\" _builder_version=\"4.14.7\" _module_preset=\"default\" background_color=\"RGBA(255,255,255,0)\" global_module=\"4055\" saved_tabs=\"all\" locked=\"off\" collapsed=\"on\" global_colors_info=\"{}\"][et_pb_row column_structure=\"1_3,1_3,1_3\" _builder_version=\"4.14.7\" _module_preset=\"default\" background_size=\"initial\" background_position=\"top_left\" background_repeat=\"repeat\" global_colors_info=\"{}\"][et_pb_column type=\"1_3\" _builder_version=\"4.14.7\" _module_preset=\"default\" global_colors_info=\"{}\"][\/et_pb_column][et_pb_column type=\"1_3\" _builder_version=\"4.14.7\" _module_preset=\"default\" global_colors_info=\"{}\"][et_pb_blurb content_max_width_tablet=\"\" content_max_width_phone=\"\" content_max_width_last_edited=\"on|desktop\" _builder_version=\"4.14.7\" _module_preset=\"default\" header_font=\"||||||||\" header_font_size=\"30px\" background_color=\"RGBA(255,255,255,0)\" text_orientation=\"center\" custom_margin=\"||15px||false|false\" border_width_top=\"5px\" border_color_top=\"#273378\" global_colors_info=\"{}\" content_max_width__hover_enabled=\"off|desktop\" width__hover_enabled=\"off|desktop\"][\/et_pb_blurb][\/et_pb_column][et_pb_column type=\"1_3\" _builder_version=\"4.14.7\" _module_preset=\"default\" global_colors_info=\"{}\"][\/et_pb_column][\/et_pb_row][et_pb_row column_structure=\"1_3,1_3,1_3\" disabled_on=\"on|on|off\" _builder_version=\"4.14.7\" _module_preset=\"default\" background_size=\"initial\" background_position=\"top_left\" background_repeat=\"repeat\" global_colors_info=\"{}\"][et_pb_column type=\"1_3\" _builder_version=\"4.14.7\" _module_preset=\"default\" global_colors_info=\"{}\"][et_pb_image src=\"https:\/\/friesland.com.py\/de\/files\/2022\/02\/telefon.png\" title_text=\"telefon\" url=\"@ET-DC@eyJkeW5hbWljIjp0cnVlLCJjb250ZW50IjoicG9zdF9saW5rX3VybF9wYWdlIiwic2V0dGluZ3MiOnsicG9zdF9pZCI6IjQyNjcifX0=@\" align=\"right\" _builder_version=\"4.14.7\" _dynamic_attributes=\"url\" _module_preset=\"default\" global_colors_info=\"{}\"][\/et_pb_image][\/et_pb_column][et_pb_column type=\"1_3\" _builder_version=\"4.14.7\" _module_preset=\"default\" global_colors_info=\"{}\"][et_pb_image src=\"https:\/\/friesland.com.py\/de\/files\/2022\/02\/Rechteck-mitte.png\" title_text=\"Rechteck mitte\" url=\"https:\/\/www.facebook.com\/frieslandpy\" align=\"center\" _builder_version=\"4.14.7\" _module_preset=\"default\" global_colors_info=\"{}\"][\/et_pb_image][\/et_pb_column][et_pb_column type=\"1_3\" _builder_version=\"4.14.7\" _module_preset=\"default\" global_colors_info=\"{}\"][et_pb_image src=\"https:\/\/friesland.com.py\/de\/files\/2022\/02\/Rechteck-rechts.png\" title_text=\"Rechteck rechts\" url=\"https:\/\/www.instagram.com\/friesland.py\/\" _builder_version=\"4.14.7\" _module_preset=\"default\" global_colors_info=\"{}\"][\/et_pb_image][\/et_pb_column][\/et_pb_row][et_pb_row column_structure=\"1_6,1_6,1_6,1_6,1_6,1_6\" disabled_on=\"on|off|on\" _builder_version=\"4.14.7\" _module_preset=\"default\" background_size=\"initial\" background_position=\"top_left\" background_repeat=\"repeat\" global_colors_info=\"{}\"][et_pb_column type=\"1_6\" _builder_version=\"4.14.7\" _module_preset=\"default\" global_colors_info=\"{}\"][et_pb_image src=\"https:\/\/friesland.com.py\/de\/files\/2022\/02\/telefon.png\" title_text=\"telefon\" url=\"@ET-DC@eyJkeW5hbWljIjp0cnVlLCJjb250ZW50IjoicG9zdF9saW5rX3VybF9wYWdlIiwic2V0dGluZ3MiOnsicG9zdF9pZCI6IjQyNjcifX0=@\" align=\"right\" _builder_version=\"4.14.7\" _dynamic_attributes=\"url\" _module_preset=\"default\" global_colors_info=\"{}\"][\/et_pb_image][\/et_pb_column][et_pb_column type=\"1_6\" _builder_version=\"4.14.7\" _module_preset=\"default\" global_colors_info=\"{}\"][et_pb_image src=\"https:\/\/friesland.com.py\/de\/files\/2022\/02\/Rechteck-mitte.png\" title_text=\"Rechteck mitte\" url=\"https:\/\/www.facebook.com\/frieslandpy\" align=\"center\" _builder_version=\"4.14.7\" _module_preset=\"default\" global_colors_info=\"{}\"][\/et_pb_image][\/et_pb_column][et_pb_column type=\"1_6\" _builder_version=\"4.14.7\" _module_preset=\"default\" global_colors_info=\"{}\"][et_pb_image src=\"https:\/\/friesland.com.py\/de\/files\/2022\/02\/Rechteck-rechts.png\" title_text=\"Rechteck rechts\" url=\"https:\/\/www.instagram.com\/friesland.py\/\" _builder_version=\"4.14.7\" _module_preset=\"default\" global_colors_info=\"{}\"][\/et_pb_image][\/et_pb_column][et_pb_column type=\"1_6\" _builder_version=\"4.14.7\" _module_preset=\"default\" global_colors_info=\"{}\"][\/et_pb_column][et_pb_column type=\"1_6\" _builder_version=\"4.14.7\" _module_preset=\"default\" global_colors_info=\"{}\"][\/et_pb_column][et_pb_column type=\"1_6\" _builder_version=\"4.14.7\" _module_preset=\"default\" global_colors_info=\"{}\"][\/et_pb_column][\/et_pb_row][et_pb_row column_structure=\"1_3,1_3,1_3\" disabled_on=\"off|on|on\" _builder_version=\"4.14.7\" _module_preset=\"default\" background_size=\"initial\" background_position=\"top_left\" background_repeat=\"repeat\" global_colors_info=\"{}\"][et_pb_column type=\"1_3\" _builder_version=\"4.14.7\" _module_preset=\"default\" global_colors_info=\"{}\"][et_pb_image src=\"https:\/\/friesland.com.py\/de\/files\/2022\/02\/telefon.png\" title_text=\"telefon\" url=\"@ET-DC@eyJkeW5hbWljIjp0cnVlLCJjb250ZW50IjoicG9zdF9saW5rX3VybF9wYWdlIiwic2V0dGluZ3MiOnsicG9zdF9pZCI6IjQyNjcifX0=@\" align=\"center\" disabled_on=\"off|off|off\" _builder_version=\"4.14.7\" _dynamic_attributes=\"url\" _module_preset=\"default\" global_colors_info=\"{}\"][\/et_pb_image][\/et_pb_column][et_pb_column type=\"1_3\" _builder_version=\"4.14.7\" _module_preset=\"default\" global_colors_info=\"{}\"][et_pb_image src=\"https:\/\/friesland.com.py\/de\/files\/2022\/02\/Rechteck-mitte.png\" title_text=\"Rechteck mitte\" url=\"https:\/\/www.facebook.com\/frieslandpy\" align=\"center\" _builder_version=\"4.14.7\" _module_preset=\"default\" global_colors_info=\"{}\"][\/et_pb_image][\/et_pb_column][et_pb_column type=\"1_3\" _builder_version=\"4.14.7\" _module_preset=\"default\" global_colors_info=\"{}\"][et_pb_image src=\"https:\/\/friesland.com.py\/de\/files\/2022\/02\/Rechteck-rechts.png\" title_text=\"Rechteck rechts\" url=\"https:\/\/www.instagram.com\/friesland.py\/\" align=\"center\" _builder_version=\"4.14.7\" _module_preset=\"default\" global_colors_info=\"{}\"][\/et_pb_image][\/et_pb_column][\/et_pb_row][\/et_pb_section]<\/p>\n","protected":false},"excerpt":{"rendered":"<p>Zentrale Anschrift: \u00a0 \u00a0 \u00a0 Col. Friesland \u00a0 \u00a0 \u00a0 Itac. del Rosario \u00a0 \u00a0 \u00a0 Depto. San Pedro &#8211; PY Postanschrift: \u00a0 \u00a0 \u00a0 Coop. Friesland \u00a0 \u00a0 \u00a0 Ana D\u00edaz 1370 c\/Pa\u00ed P\u00e9rez \u00a0 \u00a0 \u00a0 Asunci\u00f3n &#8211; Paraguay \u00a0 \u00a0 \u00a0 c.d.c.1671 \u00a0 \u00a0 \u00a0 Telefon: +595(318)219032 \u00a0 \u00a0 \u00a0 Email: *protected [&hellip;]<\/p>\n","protected":false},"author":1,"featured_media":0,"parent":0,"menu_order":0,"comment_status":"closed","ping_status":"closed","template":"","meta":{"_et_pb_use_builder":"on","_et_pb_old_content":"","_et_gb_content_width":"","jetpack_post_was_ever_published":false,"footnotes":""},"class_list":["post-4267","page","type-page","status-publish","hentry"],"jetpack_shortlink":"https:\/\/wp.me\/P2Q8BF-16P","jetpack_sharing_enabled":true,"_links":{"self":[{"href":"https:\/\/friesland.com.py\/de\/wp-json\/wp\/v2\/pages\/4267","targetHints":{"allow":["GET"]}}],"collection":[{"href":"https:\/\/friesland.com.py\/de\/wp-json\/wp\/v2\/pages"}],"about":[{"href":"https:\/\/friesland.com.py\/de\/wp-json\/wp\/v2\/types\/page"}],"author":[{"embeddable":true,"href":"https:\/\/friesland.com.py\/de\/wp-json\/wp\/v2\/users\/1"}],"replies":[{"embeddable":true,"href":"https:\/\/friesland.com.py\/de\/wp-json\/wp\/v2\/comments?post=4267"}],"version-history":[{"count":12,"href":"https:\/\/friesland.com.py\/de\/wp-json\/wp\/v2\/pages\/4267\/revisions"}],"predecessor-version":[{"id":4336,"href":"https:\/\/friesland.com.py\/de\/wp-json\/wp\/v2\/pages\/4267\/revisions\/4336"}],"wp:attachment":[{"href":"https:\/\/friesland.com.py\/de\/wp-json\/wp\/v2\/media?parent=4267"}],"curies":[{"name":"wp","href":"https:\/\/api.w.org\/{rel}","templated":true}]}}