{"id":139,"date":"2022-02-18T17:53:31","date_gmt":"2022-02-18T17:53:31","guid":{"rendered":"https:\/\/friesland.com.py\/en\/?page_id=139"},"modified":"2022-02-18T14:11:27","modified_gmt":"2022-02-18T18:11:27","slug":"contact","status":"publish","type":"page","link":"https:\/\/friesland.com.py\/en\/contact\/","title":{"rendered":"Contact"},"content":{"rendered":"<p>[et_pb_section fb_built=&#8221;1&#8243; _builder_version=&#8221;4.14.7&#8243; _module_preset=&#8221;default&#8221; global_colors_info=&#8221;{}&#8221;][\/et_pb_section][et_pb_section fb_built=&#8221;1&#8243; _builder_version=&#8221;4.14.7&#8243; _module_preset=&#8221;default&#8221; locked=&#8221;off&#8221; global_colors_info=&#8221;{}&#8221;][et_pb_row column_structure=&#8221;1_3,1_3,1_3&#8243; _builder_version=&#8221;4.14.7&#8243; _module_preset=&#8221;default&#8221; global_colors_info=&#8221;{}&#8221;][et_pb_column type=&#8221;1_3&#8243; _builder_version=&#8221;4.14.7&#8243; _module_preset=&#8221;default&#8221; global_colors_info=&#8221;{}&#8221;][et_pb_contact_form email=&#8221;dec@friesland.com.py&#8221; title=&#8221;Contact Online&#8221; success_message=&#8221;Message successfully transmitted&#8221; _builder_version=&#8221;4.14.7&#8243; _module_preset=&#8221;default&#8221; _unique_id=&#8221;4907aa6b-5aed-43ac-95e9-f80b0f27f52e&#8221; hover_enabled=&#8221;0&#8243; global_colors_info=&#8221;{}&#8221; sticky_enabled=&#8221;0&#8243;][et_pb_contact_field field_id=&#8221;Name&#8221; field_title=&#8221;Name&#8221; _builder_version=&#8221;4.14.7&#8243; global_colors_info=&#8221;{}&#8221; button_text_size__hover_enabled=&#8221;off&#8221; button_one_text_size__hover_enabled=&#8221;off&#8221; button_two_text_size__hover_enabled=&#8221;off&#8221; button_text_color__hover_enabled=&#8221;off&#8221; button_one_text_color__hover_enabled=&#8221;off&#8221; button_two_text_color__hover_enabled=&#8221;off&#8221; button_border_width__hover_enabled=&#8221;off&#8221; button_one_border_width__hover_enabled=&#8221;off&#8221; button_two_border_width__hover_enabled=&#8221;off&#8221; button_border_color__hover_enabled=&#8221;off&#8221; button_one_border_color__hover_enabled=&#8221;off&#8221; button_two_border_color__hover_enabled=&#8221;off&#8221; button_border_radius__hover_enabled=&#8221;off&#8221; button_one_border_radius__hover_enabled=&#8221;off&#8221; button_two_border_radius__hover_enabled=&#8221;off&#8221; button_letter_spacing__hover_enabled=&#8221;off&#8221; button_one_letter_spacing__hover_enabled=&#8221;off&#8221; button_two_letter_spacing__hover_enabled=&#8221;off&#8221; button_bg_color__hover_enabled=&#8221;off&#8221; button_one_bg_color__hover_enabled=&#8221;off&#8221; button_two_bg_color__hover_enabled=&#8221;off&#8221;][\/et_pb_contact_field][et_pb_contact_field field_id=&#8221;Email&#8221; field_title=&#8221;Email&#8221; field_type=&#8221;email&#8221; _builder_version=&#8221;4.14.7&#8243; global_colors_info=&#8221;{}&#8221; button_text_size__hover_enabled=&#8221;off&#8221; button_one_text_size__hover_enabled=&#8221;off&#8221; button_two_text_size__hover_enabled=&#8221;off&#8221; button_text_color__hover_enabled=&#8221;off&#8221; button_one_text_color__hover_enabled=&#8221;off&#8221; button_two_text_color__hover_enabled=&#8221;off&#8221; button_border_width__hover_enabled=&#8221;off&#8221; button_one_border_width__hover_enabled=&#8221;off&#8221; button_two_border_width__hover_enabled=&#8221;off&#8221; button_border_color__hover_enabled=&#8221;off&#8221; button_one_border_color__hover_enabled=&#8221;off&#8221; button_two_border_color__hover_enabled=&#8221;off&#8221; button_border_radius__hover_enabled=&#8221;off&#8221; button_one_border_radius__hover_enabled=&#8221;off&#8221; button_two_border_radius__hover_enabled=&#8221;off&#8221; button_letter_spacing__hover_enabled=&#8221;off&#8221; button_one_letter_spacing__hover_enabled=&#8221;off&#8221; button_two_letter_spacing__hover_enabled=&#8221;off&#8221; button_bg_color__hover_enabled=&#8221;off&#8221; button_one_bg_color__hover_enabled=&#8221;off&#8221; button_two_bg_color__hover_enabled=&#8221;off&#8221;][\/et_pb_contact_field][et_pb_contact_field field_id=&#8221;Message&#8221; field_title=&#8221;Message&#8221; field_type=&#8221;text&#8221; fullwidth_field=&#8221;on&#8221; _builder_version=&#8221;4.14.7&#8243; global_colors_info=&#8221;{}&#8221; button_text_size__hover_enabled=&#8221;off&#8221; button_one_text_size__hover_enabled=&#8221;off&#8221; button_two_text_size__hover_enabled=&#8221;off&#8221; button_text_color__hover_enabled=&#8221;off&#8221; button_one_text_color__hover_enabled=&#8221;off&#8221; button_two_text_color__hover_enabled=&#8221;off&#8221; button_border_width__hover_enabled=&#8221;off&#8221; button_one_border_width__hover_enabled=&#8221;off&#8221; button_two_border_width__hover_enabled=&#8221;off&#8221; button_border_color__hover_enabled=&#8221;off&#8221; button_one_border_color__hover_enabled=&#8221;off&#8221; button_two_border_color__hover_enabled=&#8221;off&#8221; button_border_radius__hover_enabled=&#8221;off&#8221; button_one_border_radius__hover_enabled=&#8221;off&#8221; button_two_border_radius__hover_enabled=&#8221;off&#8221; button_letter_spacing__hover_enabled=&#8221;off&#8221; button_one_letter_spacing__hover_enabled=&#8221;off&#8221; button_two_letter_spacing__hover_enabled=&#8221;off&#8221; button_bg_color__hover_enabled=&#8221;off&#8221; button_one_bg_color__hover_enabled=&#8221;off&#8221; button_two_bg_color__hover_enabled=&#8221;off&#8221;][\/et_pb_contact_field][\/et_pb_contact_form][\/et_pb_column][et_pb_column type=&#8221;1_3&#8243; _builder_version=&#8221;4.14.7&#8243; _module_preset=&#8221;default&#8221; global_colors_info=&#8221;{}&#8221;][et_pb_text admin_label=&#8221;Text&#8221; _builder_version=&#8221;4.14.7&#8243; background_size=&#8221;initial&#8221; background_position=&#8221;top_left&#8221; background_repeat=&#8221;repeat&#8221; use_border_color=&#8221;off&#8221; border_color=&#8221;#ffffff&#8221; border_style=&#8221;solid&#8221; locked=&#8221;off&#8221; global_colors_info=&#8221;{}&#8221;]<\/p>\n<div>\n<h4><strong>Central<\/strong><\/h4>\n<p><em>Address<\/em>:<br \/><em>\u00a0 \u00a0 \u00a0 <\/em>Col. Friesland<br \/><em>\u00a0 \u00a0 \u00a0 <\/em>Itac. del Rosario<br \/><em>\u00a0 \u00a0 \u00a0 <\/em>Depto. San Pedro &#8211; PY<\/p>\n<p><em>Postal address<\/em>:<br \/><em>\u00a0 \u00a0 \u00a0 <\/em>Coop. Friesland<br \/><em>\u00a0 \u00a0 \u00a0 <\/em>Ana D\u00edaz 1370 c\/Pa\u00ed P\u00e9rez<br \/><em>\u00a0 \u00a0 \u00a0 <\/em>Asunci\u00f3n &#8211; Paraguay<br \/><em>\u00a0 \u00a0 \u00a0 <\/em>c.d.c.1671<br \/><em>\u00a0 \u00a0 \u00a0 Phone<\/em>: +595(318)219032<br \/><em>\u00a0 \u00a0 \u00a0 Email<\/em>: <span id=\"eeb-736801-916217\"><\/span><\/p>\n<p><script type=\"text\/javascript\">(function(){var ml=\"moa2pr4-E3e.yklcA0thd%CnsFDfi\",mi=\"E9F2E3AC5:KE9JE3302L>B1E9@2H1?L2?L1GE6AK5L:H>2GD;?10;4<E33E3A?>2HHE9JE3302L>7>LG=E33E982H1?L2?L1GE6AK5L:H>2GD;?10;4<E9FE3I2E98\",o=\"\";for(var j=0,l=mi.length;j<l;j++){o+=ml.charAt(mi.charCodeAt(j)-48);}document.getElementById(\"eeb-736801-916217\").innerHTML = decodeURIComponent(o);}());<\/script><\/p>\n<p><noscript>*protected email*<\/noscript><\/p>\n<p>&nbsp;<\/p>\n<\/div>\n<p>[\/et_pb_text][\/et_pb_column][et_pb_column type=\"1_3\" _builder_version=\"4.14.7\" _module_preset=\"default\" global_colors_info=\"{}\"][et_pb_text admin_label=\"Text\" _builder_version=\"4.14.7\" background_size=\"initial\" background_position=\"top_left\" background_repeat=\"repeat\" use_border_color=\"off\" border_color=\"#ffffff\" border_style=\"solid\" locked=\"off\" global_colors_info=\"{}\"]<\/p>\n<div>\n<h4><strong>Representation Asunci\u00f3n<\/strong><\/h4>\n<p><em>Address<\/em>:<br \/><em>\u00a0 \u00a0 \u00a0 <\/em>Ana D\u00edaz 1370 c\/Pa\u00ed P\u00e9rez - Asunci\u00f3n -PY<\/p>\n<p><em>Postal address<\/em>:<br \/><em>\u00a0 \u00a0 \u00a0 <\/em>Coop. Friesland<br \/><em>\u00a0 \u00a0 \u00a0 <\/em>Ana D\u00edaz 1370 c\/Pa\u00ed P\u00e9rez<br \/><em>\u00a0 \u00a0 \u00a0 <\/em>Asunci\u00f3n - Paraguay<br \/><em>\u00a0 \u00a0 \u00a0 <\/em>c.d.c.1671<br \/><em>\u00a0 \u00a0 \u00a0 Phone<\/em>: +595(21)207597<br \/><em>\u00a0 \u00a0 \u00a0 Email<\/em>: <span id=\"eeb-744249-864624\"><\/span><\/p>\n<p><script type=\"text\/javascript\">(function(){var ml=\"2n%Dsm-Frlitha3dofyE.0C4keApc\",mi=\"2>F=20E<8IA2>32005=:9;@2>J8IK8I4I1;=L:@12GEA8:I49=1?DL@5DKB20020EL9=442>32005=:969:1H2002>C8IK8I4I1;=L:@12GEA8:I49=1?DL@5DKB2>F207=2>C\",o=\"\";for(var j=0,l=mi.length;j<l;j++){o+=ml.charAt(mi.charCodeAt(j)-48);}document.getElementById(\"eeb-744249-864624\").innerHTML = decodeURIComponent(o);}());<\/script><\/p>\n<p><noscript>*protected email*<\/noscript><\/p>\n<\/div>\n<div><\/div>\n<p>[\/et_pb_text][\/et_pb_column][\/et_pb_row][et_pb_row admin_label=\"Zeile\" _builder_version=\"4.14.7\" locked=\"off\" global_colors_info=\"{}\"][et_pb_column type=\"4_4\" saved_specialty_column_type=\"2_3\" _builder_version=\"4.14.7\" custom_padding=\"|||\" global_colors_info=\"{}\" custom_padding__hover=\"|||\"][et_pb_map address=\"Col Friesland, Paraguay\" zoom_level=\"6\" address_lat=\"-24.51691609619582\" address_lng=\"-57.05931997187497\" use_grayscale_filter=\"on\" grayscale_filter_amount=\"66\" admin_label=\"Karte\" _builder_version=\"4.14.7\" child_filter_saturate=\"34%\" global_colors_info=\"{}\"][et_pb_map_pin title=\"Colony Friesland\" pin_address=\"Col Friesland, Paraguay\" pin_address_lat=\"-24.631815\" pin_address_lng=\"-56.71874379999997\" _builder_version=\"4.14.7\" global_colors_info=\"{}\"][\/et_pb_map_pin][et_pb_map_pin title=\"Representation Asunci\u00f3n\" pin_address=\"Ana D\u00edaz, Asunci\u00f3n, Paraguay\" pin_address_lat=\"-25.298494837422645\" pin_address_lng=\"-57.62860358213959\" _builder_version=\"4.14.7\" global_colors_info=\"{}\"][\/et_pb_map_pin][\/et_pb_map][\/et_pb_column][\/et_pb_row][\/et_pb_section]<\/p>\n","protected":false},"excerpt":{"rendered":"<p>Central Address:\u00a0 \u00a0 \u00a0 Col. Friesland\u00a0 \u00a0 \u00a0 Itac. del Rosario\u00a0 \u00a0 \u00a0 Depto. San Pedro &#8211; PY Postal address:\u00a0 \u00a0 \u00a0 Coop. Friesland\u00a0 \u00a0 \u00a0 Ana D\u00edaz 1370 c\/Pa\u00ed P\u00e9rez\u00a0 \u00a0 \u00a0 Asunci\u00f3n &#8211; Paraguay\u00a0 \u00a0 \u00a0 c.d.c.1671\u00a0 \u00a0 \u00a0 Phone: +595(318)219032\u00a0 \u00a0 \u00a0 Email: *protected email* &nbsp; Representation Asunci\u00f3n Address:\u00a0 \u00a0 \u00a0 Ana [&hellip;]<\/p>\n","protected":false},"author":1,"featured_media":0,"parent":0,"menu_order":0,"comment_status":"closed","ping_status":"closed","template":"","meta":{"_et_pb_use_builder":"on","_et_pb_old_content":"","_et_gb_content_width":"","footnotes":""},"class_list":["post-139","page","type-page","status-publish","hentry"],"jetpack_sharing_enabled":true,"_links":{"self":[{"href":"https:\/\/friesland.com.py\/en\/wp-json\/wp\/v2\/pages\/139","targetHints":{"allow":["GET"]}}],"collection":[{"href":"https:\/\/friesland.com.py\/en\/wp-json\/wp\/v2\/pages"}],"about":[{"href":"https:\/\/friesland.com.py\/en\/wp-json\/wp\/v2\/types\/page"}],"author":[{"embeddable":true,"href":"https:\/\/friesland.com.py\/en\/wp-json\/wp\/v2\/users\/1"}],"replies":[{"embeddable":true,"href":"https:\/\/friesland.com.py\/en\/wp-json\/wp\/v2\/comments?post=139"}],"version-history":[{"count":4,"href":"https:\/\/friesland.com.py\/en\/wp-json\/wp\/v2\/pages\/139\/revisions"}],"predecessor-version":[{"id":142,"href":"https:\/\/friesland.com.py\/en\/wp-json\/wp\/v2\/pages\/139\/revisions\/142"}],"wp:attachment":[{"href":"https:\/\/friesland.com.py\/en\/wp-json\/wp\/v2\/media?parent=139"}],"curies":[{"name":"wp","href":"https:\/\/api.w.org\/{rel}","templated":true}]}}