{"id":860,"date":"2022-02-19T05:12:43","date_gmt":"2022-02-19T09:12:43","guid":{"rendered":"https:\/\/friesland.com.py\/es\/?page_id=860"},"modified":"2022-02-19T06:20:09","modified_gmt":"2022-02-19T10:20:09","slug":"varios","status":"publish","type":"page","link":"https:\/\/friesland.com.py\/es\/varios\/","title":{"rendered":"Varios"},"content":{"rendered":"<p>[et_pb_section fb_built=\u00bb1&#8243; fullwidth=\u00bbon\u00bb _builder_version=\u00bb4.14.7&#8243; _module_preset=\u00bbdefault\u00bb background_enable_image=\u00bboff\u00bb background_position=\u00bbbottom_left\u00bb max_width=\u00bb1440px\u00bb max_width_tablet=\u00bb980px\u00bb max_width_phone=\u00bb680px\u00bb max_width_last_edited=\u00bbon|phone\u00bb module_alignment=\u00bbcenter\u00bb top_divider_height=\u00bb251px\u00bb global_colors_info=\u00bb{}\u00bb][et_pb_fullwidth_image src=\u00bbhttps:\/\/friesland.com.py\/es\/files\/2022\/02\/blume.png\u00bb title_text=\u00bbblume\u00bb _builder_version=\u00bb4.14.7&#8243; _module_preset=\u00bbdefault\u00bb custom_margin_tablet=\u00bb\u00bb custom_margin_phone=\u00bb80px||||false|false\u00bb custom_margin_last_edited=\u00bbon|phone\u00bb scroll_vertical_motion=\u00bb0|50|50|100|0|0|-3&#8243; scroll_fade=\u00bb0|48|48|100|100%|100|100&#8243; scroll_blur=\u00bb0|39|74|100|62px|0px|0px\u00bb motion_trigger_start=\u00bbbottom\u00bb global_colors_info=\u00bb{}\u00bb][\/et_pb_fullwidth_image][et_pb_fullwidth_image src=\u00bbhttps:\/\/friesland.com.py\/es\/files\/2022\/02\/dreieck_if.png\u00bb title_text=\u00bbSocial Media\u00bb url=\u00bbhttps:\/\/www.facebook.com\/frieslandpy\u00bb _builder_version=\u00bb4.14.7&#8243; _module_preset=\u00bbdefault\u00bb width=\u00bb33%\u00bb module_alignment=\u00bbleft\u00bb custom_margin=\u00bb-433px||||false|false\u00bb custom_margin_tablet=\u00bb-297px||||false|false\u00bb custom_margin_phone=\u00bb-207px||||false|false\u00bb custom_margin_last_edited=\u00bbon|phone\u00bb scroll_vertical_motion=\u00bb0|50|50|100|0|0|-3&#8243; scroll_fade=\u00bb0|48|48|100|100%|100|100&#8243; scroll_blur=\u00bb0|39|74|100|62px|0px|0px\u00bb motion_trigger_start=\u00bbbottom\u00bb saved_tabs=\u00bball\u00bb global_colors_info=\u00bb{}\u00bb][\/et_pb_fullwidth_image][\/et_pb_section][et_pb_section fb_built=\u00bb1&#8243; _builder_version=\u00bb4.14.7&#8243; _module_preset=\u00bbdefault\u00bb custom_margin=\u00bb||||false|false\u00bb global_colors_info=\u00bb{}\u00bb][et_pb_row _builder_version=\u00bb4.14.7&#8243; _module_preset=\u00bbdefault\u00bb global_colors_info=\u00bb{}\u00bb][et_pb_column type=\u00bb4_4&#8243; _builder_version=\u00bb4.14.7&#8243; _module_preset=\u00bbdefault\u00bb global_colors_info=\u00bb{}\u00bb][et_pb_post_title meta=\u00bboff\u00bb featured_image=\u00bboff\u00bb _builder_version=\u00bb4.14.7&#8243; _module_preset=\u00bbdefault\u00bb global_colors_info=\u00bb{}\u00bb][\/et_pb_post_title][\/et_pb_column][\/et_pb_row][et_pb_row column_structure=\u00bb3_5,2_5&#8243; disabled_on=\u00bbon|on|off\u00bb _builder_version=\u00bb4.14.7&#8243; _module_preset=\u00bbdefault\u00bb global_colors_info=\u00bb{}\u00bb][et_pb_column type=\u00bb3_5&#8243; _builder_version=\u00bb4.14.5&#8243; _module_preset=\u00bbdefault\u00bb global_colors_info=\u00bb{}\u00bb][et_pb_blurb title=\u00bbCongregaciones\u00bb content_max_width=\u00bb1100px\u00bb _builder_version=\u00bb4.14.7&#8243; _module_preset=\u00bbdefault\u00bb header_level=\u00bbh3&#8243; body_font=\u00bb||||||||\u00bb text_shadow_style=\u00bbpreset1&#8243; text_shadow_vertical_length=\u00bb0em\u00bb text_shadow_blur_strength=\u00bb0em\u00bb text_shadow_color=\u00bb#000000&#8243; global_colors_info=\u00bb{}\u00bb]<\/p>\n<p>En la Colonia Friesland existen desde su fundaci\u00f3n dos iglesias, la \u201cIglesia Menonita\u201d y la \u201cIglesia de los Hermanos Menonitas\u201d. Las congregaciones organizan sus cultos y actividades con ni\u00f1os y j\u00f3venes tanto de manera separada como conjunta. Ambas congregaciones, comparten el fundamento de vivir la fe cristiana en base a la palabra de Dios. El camino de la salvaci\u00f3n no consiste en la afiliaci\u00f3n a cierta congregaci\u00f3n, sino en una relaci\u00f3n con Dios a trav\u00e9s de Jesucristo, que es el \u00fanico camino al cielo.<\/p>\n<p>&nbsp;<\/p>\n<p>Ambas iglesias est\u00e1n asociadas en una \u201ccomisi\u00f3n de asuntos eclesi\u00e1sticos\u201d. Esta asociaci\u00f3n fue fundada en 1948 y se hace responsable por todas las actividades que organizan las congregaciones en forma conjunta, como por ejemplo evangelizaciones, acci\u00f3n de gracias, fechas conmemorativas, etc. Juntos llevan adelante un trabajo misionero en la zona.<\/p>\n<p>[\/et_pb_blurb][\/et_pb_column][et_pb_column type=\u00bb2_5&#8243; _builder_version=\u00bb4.14.7&#8243; _module_preset=\u00bbdefault\u00bb global_colors_info=\u00bb{}\u00bb][et_pb_image src=\u00bbhttps:\/\/friesland.com.py\/es\/files\/2022\/02\/mgf.png\u00bb title_text=\u00bbmgf\u00bb _builder_version=\u00bb4.14.7&#8243; _module_preset=\u00bbdefault\u00bb global_colors_info=\u00bb{}\u00bb][\/et_pb_image][et_pb_image src=\u00bbhttps:\/\/friesland.com.py\/es\/files\/2022\/02\/bruedergemeinde.png\u00bb title_text=\u00bbbr\u00fcdergemeinde\u00bb _builder_version=\u00bb4.14.7&#8243; _module_preset=\u00bbdefault\u00bb global_colors_info=\u00bb{}\u00bb][\/et_pb_image][\/et_pb_column][\/et_pb_row][et_pb_row column_structure=\u00bb3_4,1_4&#8243; disabled_on=\u00bbon|on|off\u00bb _builder_version=\u00bb4.14.7&#8243; _module_preset=\u00bbdefault\u00bb global_colors_info=\u00bb{}\u00bb][et_pb_column type=\u00bb3_4&#8243; _builder_version=\u00bb4.14.5&#8243; _module_preset=\u00bbdefault\u00bb global_colors_info=\u00bb{}\u00bb][et_pb_blurb title=\u00bbFriesland en el contexto nacional\u00bb content_max_width=\u00bb1100px\u00bb _builder_version=\u00bb4.14.7&#8243; _module_preset=\u00bbdefault\u00bb header_level=\u00bbh3&#8243; body_font=\u00bb||||||||\u00bb text_shadow_style=\u00bbpreset1&#8243; text_shadow_vertical_length=\u00bb0em\u00bb text_shadow_blur_strength=\u00bb0em\u00bb text_shadow_color=\u00bb#000000&#8243; global_colors_info=\u00bb{}\u00bb]<\/p>\n<p>La Cooperativa Friesland y la Asociaci\u00f3n Civil de la Colonia est\u00e1n legalmente reconocidas por el gobierno nacional y est\u00e1n bajo la autoridad de la Municipalidad de Itacurub\u00ed del Rosario. La colonia trabaja con la Municipalidad de Itacurub\u00ed del Rosario, en forma integrada a trav\u00e9s de una Junta Comunal de Vecinos.<\/p>\n<p>&nbsp;<\/p>\n<p>A trav\u00e9s de la Asociaci\u00f3n de Colonias Menonitas del Paraguay (ACOMEPA), la Colonia Friesland tambi\u00e9n est\u00e1 en constante contacto con las dem\u00e1s colonias menonitas del Paraguay.<\/p>\n<p>&nbsp;<\/p>\n<p>Cada generaci\u00f3n de la Colonia Friesland se esfuerza cada d\u00eda por construir y fortalecer la comunidad con confianza compartida. Por eso, el objetivo importante es mantener la propia creencia y cultura, sin dejar de integrarse en el entorno y ser un modelo de buena vida y trabajo eficaz. Ese, es el gran desaf\u00edo y compromiso de las nuevas generaciones de Friesland, \u00a1mirando hacia el futuro!<\/p>\n<p>[\/et_pb_blurb][\/et_pb_column][et_pb_column type=\u00bb1_4&#8243; _builder_version=\u00bb4.14.5&#8243; _module_preset=\u00bbdefault\u00bb global_colors_info=\u00bb{}\u00bb][\/et_pb_column][\/et_pb_row][\/et_pb_section][et_pb_section fb_built=\u00bb1&#8243; _builder_version=\u00bb4.14.7&#8243; _module_preset=\u00bbdefault\u00bb global_colors_info=\u00bb{}\u00bb][et_pb_row _builder_version=\u00bb4.2&#8243; global_colors_info=\u00bb{}\u00bb][et_pb_column type=\u00bb4_4&#8243; _builder_version=\u00bb4.2&#8243; global_colors_info=\u00bb{}\u00bb][et_pb_video_slider show_image_overlay=\u00bbon\u00bb _builder_version=\u00bb4.14.7&#8243; global_colors_info=\u00bb{}\u00bb][et_pb_video_slider_item src=\u00bbhttps:\/\/www.youtube.com\/watch?v=t2a4P0DQmtw\u00bb _builder_version=\u00bb4.14.7&#8243; global_colors_info=\u00bb{}\u00bb show_image_overlay=\u00bbon\u00bb][\/et_pb_video_slider_item][\/et_pb_video_slider][\/et_pb_column][\/et_pb_row][\/et_pb_section][et_pb_section fb_built=\u00bb1&#8243; _builder_version=\u00bb4.14.7&#8243; _module_preset=\u00bbdefault\u00bb background_color=\u00bbRGBA(255,255,255,0)\u00bb saved_tabs=\u00bball\u00bb locked=\u00bboff\u00bb collapsed=\u00bbon\u00bb global_colors_info=\u00bb{}\u00bb][et_pb_row column_structure=\u00bb1_3,1_3,1_3&#8243; _builder_version=\u00bb4.14.7&#8243; _module_preset=\u00bbdefault\u00bb background_size=\u00bbinitial\u00bb background_position=\u00bbtop_left\u00bb background_repeat=\u00bbrepeat\u00bb global_colors_info=\u00bb{}\u00bb][et_pb_column type=\u00bb1_3&#8243; _builder_version=\u00bb4.14.7&#8243; _module_preset=\u00bbdefault\u00bb global_colors_info=\u00bb{}\u00bb][\/et_pb_column][et_pb_column type=\u00bb1_3&#8243; _builder_version=\u00bb4.14.7&#8243; _module_preset=\u00bbdefault\u00bb global_colors_info=\u00bb{}\u00bb][et_pb_blurb content_max_width_tablet=\u00bb\u00bb content_max_width_phone=\u00bb\u00bb content_max_width_last_edited=\u00bbon|desktop\u00bb _builder_version=\u00bb4.14.7&#8243; _module_preset=\u00bbdefault\u00bb header_font=\u00bb||||||||\u00bb header_font_size=\u00bb30px\u00bb background_color=\u00bbRGBA(255,255,255,0)\u00bb text_orientation=\u00bbcenter\u00bb custom_margin=\u00bb||15px||false|false\u00bb border_width_top=\u00bb5px\u00bb border_color_top=\u00bb#273378&#8243; global_colors_info=\u00bb{}\u00bb content_max_width__hover_enabled=\u00bboff|desktop\u00bb width__hover_enabled=\u00bboff|desktop\u00bb][\/et_pb_blurb][\/et_pb_column][et_pb_column type=\u00bb1_3&#8243; _builder_version=\u00bb4.14.7&#8243; _module_preset=\u00bbdefault\u00bb global_colors_info=\u00bb{}\u00bb][\/et_pb_column][\/et_pb_row][et_pb_row column_structure=\u00bb1_3,1_3,1_3&#8243; disabled_on=\u00bbon|on|off\u00bb _builder_version=\u00bb4.14.7&#8243; _module_preset=\u00bbdefault\u00bb background_size=\u00bbinitial\u00bb background_position=\u00bbtop_left\u00bb background_repeat=\u00bbrepeat\u00bb global_colors_info=\u00bb{}\u00bb][et_pb_column type=\u00bb1_3&#8243; _builder_version=\u00bb4.14.7&#8243; _module_preset=\u00bbdefault\u00bb global_colors_info=\u00bb{}\u00bb][et_pb_image src=\u00bbhttps:\/\/friesland.com.py\/es\/files\/2022\/02\/telefon.png\u00bb title_text=\u00bbtelefon\u00bb url=\u00bb@ET-DC@eyJkeW5hbWljIjp0cnVlLCJjb250ZW50IjoicG9zdF9saW5rX3VybF9wYWdlIiwic2V0dGluZ3MiOnsicG9zdF9pZCI6Ijg2NSJ9fQ==@\u00bb align=\u00bbright\u00bb _builder_version=\u00bb4.14.8&#8243; _dynamic_attributes=\u00bburl\u00bb _module_preset=\u00bbdefault\u00bb global_colors_info=\u00bb{}\u00bb][\/et_pb_image][\/et_pb_column][et_pb_column type=\u00bb1_3&#8243; _builder_version=\u00bb4.14.7&#8243; _module_preset=\u00bbdefault\u00bb global_colors_info=\u00bb{}\u00bb][et_pb_image src=\u00bbhttps:\/\/friesland.com.py\/es\/files\/2022\/02\/Rechteck-mitte.png\u00bb title_text=\u00bbRechteck mitte\u00bb url=\u00bbhttps:\/\/www.facebook.com\/frieslandpy\u00bb align=\u00bbcenter\u00bb _builder_version=\u00bb4.14.7&#8243; _module_preset=\u00bbdefault\u00bb global_colors_info=\u00bb{}\u00bb][\/et_pb_image][\/et_pb_column][et_pb_column type=\u00bb1_3&#8243; _builder_version=\u00bb4.14.7&#8243; _module_preset=\u00bbdefault\u00bb global_colors_info=\u00bb{}\u00bb][et_pb_image src=\u00bbhttps:\/\/friesland.com.py\/es\/files\/2022\/02\/Rechteck-rechts.png\u00bb title_text=\u00bbRechteck rechts\u00bb url=\u00bbhttps:\/\/www.instagram.com\/friesland.py\/\u00bb _builder_version=\u00bb4.14.7&#8243; _module_preset=\u00bbdefault\u00bb global_colors_info=\u00bb{}\u00bb][\/et_pb_image][\/et_pb_column][\/et_pb_row][et_pb_row column_structure=\u00bb1_6,1_6,1_6,1_6,1_6,1_6&#8243; disabled_on=\u00bbon|off|on\u00bb _builder_version=\u00bb4.14.7&#8243; _module_preset=\u00bbdefault\u00bb background_size=\u00bbinitial\u00bb background_position=\u00bbtop_left\u00bb background_repeat=\u00bbrepeat\u00bb global_colors_info=\u00bb{}\u00bb][et_pb_column type=\u00bb1_6&#8243; _builder_version=\u00bb4.14.7&#8243; _module_preset=\u00bbdefault\u00bb global_colors_info=\u00bb{}\u00bb][et_pb_image src=\u00bbhttps:\/\/friesland.com.py\/es\/files\/2022\/02\/telefon.png\u00bb title_text=\u00bbtelefon\u00bb url=\u00bb@ET-DC@eyJkeW5hbWljIjp0cnVlLCJjb250ZW50IjoicG9zdF9saW5rX3VybF9wYWdlIiwic2V0dGluZ3MiOnsicG9zdF9pZCI6Ijg2NSJ9fQ==@\u00bb align=\u00bbright\u00bb _builder_version=\u00bb4.14.8&#8243; _dynamic_attributes=\u00bburl\u00bb _module_preset=\u00bbdefault\u00bb global_colors_info=\u00bb{}\u00bb][\/et_pb_image][\/et_pb_column][et_pb_column type=\u00bb1_6&#8243; _builder_version=\u00bb4.14.7&#8243; _module_preset=\u00bbdefault\u00bb global_colors_info=\u00bb{}\u00bb][et_pb_image src=\u00bbhttps:\/\/friesland.com.py\/es\/files\/2022\/02\/Rechteck-mitte.png\u00bb title_text=\u00bbRechteck mitte\u00bb url=\u00bbhttps:\/\/www.facebook.com\/frieslandpy\u00bb align=\u00bbcenter\u00bb _builder_version=\u00bb4.14.7&#8243; _module_preset=\u00bbdefault\u00bb global_colors_info=\u00bb{}\u00bb][\/et_pb_image][\/et_pb_column][et_pb_column type=\u00bb1_6&#8243; _builder_version=\u00bb4.14.7&#8243; _module_preset=\u00bbdefault\u00bb global_colors_info=\u00bb{}\u00bb][et_pb_image src=\u00bbhttps:\/\/friesland.com.py\/es\/files\/2022\/02\/Rechteck-rechts.png\u00bb title_text=\u00bbRechteck rechts\u00bb url=\u00bbhttps:\/\/www.instagram.com\/friesland.py\/\u00bb _builder_version=\u00bb4.14.7&#8243; _module_preset=\u00bbdefault\u00bb global_colors_info=\u00bb{}\u00bb][\/et_pb_image][\/et_pb_column][et_pb_column type=\u00bb1_6&#8243; _builder_version=\u00bb4.14.7&#8243; _module_preset=\u00bbdefault\u00bb global_colors_info=\u00bb{}\u00bb][\/et_pb_column][et_pb_column type=\u00bb1_6&#8243; _builder_version=\u00bb4.14.7&#8243; _module_preset=\u00bbdefault\u00bb global_colors_info=\u00bb{}\u00bb][\/et_pb_column][et_pb_column type=\u00bb1_6&#8243; _builder_version=\u00bb4.14.7&#8243; _module_preset=\u00bbdefault\u00bb global_colors_info=\u00bb{}\u00bb][\/et_pb_column][\/et_pb_row][et_pb_row column_structure=\u00bb1_3,1_3,1_3&#8243; disabled_on=\u00bboff|on|on\u00bb _builder_version=\u00bb4.14.7&#8243; _module_preset=\u00bbdefault\u00bb background_size=\u00bbinitial\u00bb background_position=\u00bbtop_left\u00bb background_repeat=\u00bbrepeat\u00bb global_colors_info=\u00bb{}\u00bb][et_pb_column type=\u00bb1_3&#8243; _builder_version=\u00bb4.14.7&#8243; _module_preset=\u00bbdefault\u00bb global_colors_info=\u00bb{}\u00bb][et_pb_image src=\u00bbhttps:\/\/friesland.com.py\/es\/files\/2022\/02\/telefon.png\u00bb title_text=\u00bbtelefon\u00bb url=\u00bb@ET-DC@eyJkeW5hbWljIjp0cnVlLCJjb250ZW50IjoicG9zdF9saW5rX3VybF9wYWdlIiwic2V0dGluZ3MiOnsicG9zdF9pZCI6Ijg2NSJ9fQ==@\u00bb align=\u00bbcenter\u00bb disabled_on=\u00bboff|off|off\u00bb _builder_version=\u00bb4.14.8&#8243; _dynamic_attributes=\u00bburl\u00bb _module_preset=\u00bbdefault\u00bb hover_enabled=\u00bb0&#8243; global_colors_info=\u00bb{}\u00bb sticky_enabled=\u00bb0&#8243;][\/et_pb_image][\/et_pb_column][et_pb_column type=\u00bb1_3&#8243; _builder_version=\u00bb4.14.7&#8243; _module_preset=\u00bbdefault\u00bb global_colors_info=\u00bb{}\u00bb][et_pb_image src=\u00bbhttps:\/\/friesland.com.py\/es\/files\/2022\/02\/Rechteck-mitte.png\u00bb title_text=\u00bbRechteck mitte\u00bb url=\u00bbhttps:\/\/www.facebook.com\/frieslandpy\u00bb align=\u00bbcenter\u00bb _builder_version=\u00bb4.14.7&#8243; _module_preset=\u00bbdefault\u00bb global_colors_info=\u00bb{}\u00bb][\/et_pb_image][\/et_pb_column][et_pb_column type=\u00bb1_3&#8243; _builder_version=\u00bb4.14.7&#8243; _module_preset=\u00bbdefault\u00bb global_colors_info=\u00bb{}\u00bb][et_pb_image src=\u00bbhttps:\/\/friesland.com.py\/es\/files\/2022\/02\/Rechteck-rechts.png\u00bb title_text=\u00bbRechteck rechts\u00bb url=\u00bbhttps:\/\/www.instagram.com\/friesland.py\/\u00bb align=\u00bbcenter\u00bb _builder_version=\u00bb4.14.7&#8243; _module_preset=\u00bbdefault\u00bb global_colors_info=\u00bb{}\u00bb][\/et_pb_image][\/et_pb_column][\/et_pb_row][\/et_pb_section]<\/p>\n","protected":false},"excerpt":{"rendered":"<p>En la Colonia Friesland existen desde su fundaci\u00f3n dos iglesias, la \u201cIglesia Menonita\u201d y la \u201cIglesia de los Hermanos Menonitas\u201d. Las congregaciones organizan sus cultos y actividades con ni\u00f1os y j\u00f3venes tanto de manera separada como conjunta. Ambas congregaciones, comparten el fundamento de vivir la fe cristiana en base a la palabra de Dios. El [&hellip;]<\/p>\n","protected":false},"author":1,"featured_media":0,"parent":0,"menu_order":0,"comment_status":"closed","ping_status":"closed","template":"","meta":{"_et_pb_use_builder":"on","_et_pb_old_content":"","_et_gb_content_width":"","jetpack_post_was_ever_published":false,"footnotes":""},"class_list":["post-860","page","type-page","status-publish","hentry"],"jetpack_sharing_enabled":true,"jetpack_shortlink":"https:\/\/wp.me\/P2R0h6-dS","_links":{"self":[{"href":"https:\/\/friesland.com.py\/es\/wp-json\/wp\/v2\/pages\/860","targetHints":{"allow":["GET"]}}],"collection":[{"href":"https:\/\/friesland.com.py\/es\/wp-json\/wp\/v2\/pages"}],"about":[{"href":"https:\/\/friesland.com.py\/es\/wp-json\/wp\/v2\/types\/page"}],"author":[{"embeddable":true,"href":"https:\/\/friesland.com.py\/es\/wp-json\/wp\/v2\/users\/1"}],"replies":[{"embeddable":true,"href":"https:\/\/friesland.com.py\/es\/wp-json\/wp\/v2\/comments?post=860"}],"version-history":[{"count":6,"href":"https:\/\/friesland.com.py\/es\/wp-json\/wp\/v2\/pages\/860\/revisions"}],"predecessor-version":[{"id":899,"href":"https:\/\/friesland.com.py\/es\/wp-json\/wp\/v2\/pages\/860\/revisions\/899"}],"wp:attachment":[{"href":"https:\/\/friesland.com.py\/es\/wp-json\/wp\/v2\/media?parent=860"}],"curies":[{"name":"wp","href":"https:\/\/api.w.org\/{rel}","templated":true}]}}