{"id":865,"date":"2022-02-19T05:20:44","date_gmt":"2022-02-19T09:20:44","guid":{"rendered":"https:\/\/friesland.com.py\/es\/?page_id=865"},"modified":"2022-02-19T05:23:04","modified_gmt":"2022-02-19T09:23:04","slug":"contacto","status":"publish","type":"page","link":"https:\/\/friesland.com.py\/es\/contacto\/","title":{"rendered":"Contacto"},"content":{"rendered":"<p>[et_pb_section fb_built=\u00bb1&#8243; fullwidth=\u00bbon\u00bb _builder_version=\u00bb4.14.7&#8243; _module_preset=\u00bbdefault\u00bb background_enable_image=\u00bboff\u00bb background_position=\u00bbbottom_left\u00bb max_width=\u00bb1440px\u00bb max_width_tablet=\u00bb980px\u00bb max_width_phone=\u00bb680px\u00bb max_width_last_edited=\u00bbon|phone\u00bb module_alignment=\u00bbcenter\u00bb top_divider_height=\u00bb251px\u00bb global_colors_info=\u00bb{}\u00bb][et_pb_fullwidth_image src=\u00bbhttps:\/\/friesland.com.py\/es\/files\/2022\/02\/header-scaled-e1641459659246.jpg\u00bb title_text=\u00bbheader\u00bb _builder_version=\u00bb4.14.7&#8243; _module_preset=\u00bbdefault\u00bb custom_margin_tablet=\u00bb\u00bb custom_margin_phone=\u00bb80px||||false|false\u00bb custom_margin_last_edited=\u00bbon|phone\u00bb scroll_vertical_motion=\u00bb0|50|50|100|0|0|-3&#8243; scroll_fade=\u00bb0|48|48|100|100%|100|100&#8243; scroll_blur=\u00bb0|39|74|100|62px|0px|0px\u00bb motion_trigger_start=\u00bbbottom\u00bb global_colors_info=\u00bb{}\u00bb][\/et_pb_fullwidth_image][et_pb_fullwidth_image src=\u00bbhttps:\/\/friesland.com.py\/es\/files\/2022\/02\/dreieck_if.png\u00bb title_text=\u00bbSocial Media\u00bb url=\u00bbhttps:\/\/www.facebook.com\/frieslandpy\u00bb _builder_version=\u00bb4.14.7&#8243; _module_preset=\u00bbdefault\u00bb width=\u00bb33%\u00bb module_alignment=\u00bbleft\u00bb custom_margin=\u00bb-433px||||false|false\u00bb custom_margin_tablet=\u00bb-297px||||false|false\u00bb custom_margin_phone=\u00bb-207px||||false|false\u00bb custom_margin_last_edited=\u00bbon|phone\u00bb scroll_vertical_motion=\u00bb0|50|50|100|0|0|-3&#8243; scroll_fade=\u00bb0|48|48|100|100%|100|100&#8243; scroll_blur=\u00bb0|39|74|100|62px|0px|0px\u00bb motion_trigger_start=\u00bbbottom\u00bb saved_tabs=\u00bball\u00bb global_colors_info=\u00bb{}\u00bb][\/et_pb_fullwidth_image][\/et_pb_section][et_pb_section fb_built=\u00bb1&#8243; _builder_version=\u00bb4.14.7&#8243; _module_preset=\u00bbdefault\u00bb locked=\u00bboff\u00bb global_colors_info=\u00bb{}\u00bb][et_pb_row column_structure=\u00bb1_3,1_3,1_3&#8243; _builder_version=\u00bb4.14.7&#8243; _module_preset=\u00bbdefault\u00bb global_colors_info=\u00bb{}\u00bb][et_pb_column type=\u00bb1_3&#8243; _builder_version=\u00bb4.14.7&#8243; _module_preset=\u00bbdefault\u00bb global_colors_info=\u00bb{}\u00bb][et_pb_contact_form use_spam_service=\u00bbon\u00bb recaptcha_list=\u00bbfriesland|friesland-0&#8243; email=\u00bbdec@friesland.com.py\u00bb title=\u00bbContacto online\u00bb success_message=\u00bbMensaje correctamente enviado\u00bb _builder_version=\u00bb4.14.8&#8243; _module_preset=\u00bbdefault\u00bb _unique_id=\u00bb4907aa6b-5aed-43ac-95e9-f80b0f27f52e\u00bb global_colors_info=\u00bb{}\u00bb][et_pb_contact_field field_id=\u00bbName\u00bb field_title=\u00bbNombre\u00bb _builder_version=\u00bb4.14.8&#8243; global_colors_info=\u00bb{}\u00bb button_text_size__hover_enabled=\u00bboff\u00bb button_one_text_size__hover_enabled=\u00bboff\u00bb button_two_text_size__hover_enabled=\u00bboff\u00bb button_text_color__hover_enabled=\u00bboff\u00bb button_one_text_color__hover_enabled=\u00bboff\u00bb button_two_text_color__hover_enabled=\u00bboff\u00bb button_border_width__hover_enabled=\u00bboff\u00bb button_one_border_width__hover_enabled=\u00bboff\u00bb button_two_border_width__hover_enabled=\u00bboff\u00bb button_border_color__hover_enabled=\u00bboff\u00bb button_one_border_color__hover_enabled=\u00bboff\u00bb button_two_border_color__hover_enabled=\u00bboff\u00bb button_border_radius__hover_enabled=\u00bboff\u00bb button_one_border_radius__hover_enabled=\u00bboff\u00bb button_two_border_radius__hover_enabled=\u00bboff\u00bb button_letter_spacing__hover_enabled=\u00bboff\u00bb button_one_letter_spacing__hover_enabled=\u00bboff\u00bb button_two_letter_spacing__hover_enabled=\u00bboff\u00bb button_bg_color__hover_enabled=\u00bboff\u00bb button_one_bg_color__hover_enabled=\u00bboff\u00bb button_two_bg_color__hover_enabled=\u00bboff\u00bb][\/et_pb_contact_field][et_pb_contact_field field_id=\u00bbEmail\u00bb field_title=\u00bbCorreo electr\u00f3nico\u00bb field_type=\u00bbemail\u00bb _builder_version=\u00bb4.14.8&#8243; global_colors_info=\u00bb{}\u00bb button_text_size__hover_enabled=\u00bboff\u00bb button_one_text_size__hover_enabled=\u00bboff\u00bb button_two_text_size__hover_enabled=\u00bboff\u00bb button_text_color__hover_enabled=\u00bboff\u00bb button_one_text_color__hover_enabled=\u00bboff\u00bb button_two_text_color__hover_enabled=\u00bboff\u00bb button_border_width__hover_enabled=\u00bboff\u00bb button_one_border_width__hover_enabled=\u00bboff\u00bb button_two_border_width__hover_enabled=\u00bboff\u00bb button_border_color__hover_enabled=\u00bboff\u00bb button_one_border_color__hover_enabled=\u00bboff\u00bb button_two_border_color__hover_enabled=\u00bboff\u00bb button_border_radius__hover_enabled=\u00bboff\u00bb button_one_border_radius__hover_enabled=\u00bboff\u00bb button_two_border_radius__hover_enabled=\u00bboff\u00bb button_letter_spacing__hover_enabled=\u00bboff\u00bb button_one_letter_spacing__hover_enabled=\u00bboff\u00bb button_two_letter_spacing__hover_enabled=\u00bboff\u00bb button_bg_color__hover_enabled=\u00bboff\u00bb button_one_bg_color__hover_enabled=\u00bboff\u00bb button_two_bg_color__hover_enabled=\u00bboff\u00bb][\/et_pb_contact_field][et_pb_contact_field field_id=\u00bbMessage\u00bb field_title=\u00bbMensaje\u00bb field_type=\u00bbtext\u00bb fullwidth_field=\u00bbon\u00bb _builder_version=\u00bb4.14.8&#8243; global_colors_info=\u00bb{}\u00bb button_text_size__hover_enabled=\u00bboff\u00bb button_one_text_size__hover_enabled=\u00bboff\u00bb button_two_text_size__hover_enabled=\u00bboff\u00bb button_text_color__hover_enabled=\u00bboff\u00bb button_one_text_color__hover_enabled=\u00bboff\u00bb button_two_text_color__hover_enabled=\u00bboff\u00bb button_border_width__hover_enabled=\u00bboff\u00bb button_one_border_width__hover_enabled=\u00bboff\u00bb button_two_border_width__hover_enabled=\u00bboff\u00bb button_border_color__hover_enabled=\u00bboff\u00bb button_one_border_color__hover_enabled=\u00bboff\u00bb button_two_border_color__hover_enabled=\u00bboff\u00bb button_border_radius__hover_enabled=\u00bboff\u00bb button_one_border_radius__hover_enabled=\u00bboff\u00bb button_two_border_radius__hover_enabled=\u00bboff\u00bb button_letter_spacing__hover_enabled=\u00bboff\u00bb button_one_letter_spacing__hover_enabled=\u00bboff\u00bb button_two_letter_spacing__hover_enabled=\u00bboff\u00bb button_bg_color__hover_enabled=\u00bboff\u00bb button_one_bg_color__hover_enabled=\u00bboff\u00bb button_two_bg_color__hover_enabled=\u00bboff\u00bb][\/et_pb_contact_field][\/et_pb_contact_form][\/et_pb_column][et_pb_column type=\u00bb1_3&#8243; _builder_version=\u00bb4.14.7&#8243; _module_preset=\u00bbdefault\u00bb global_colors_info=\u00bb{}\u00bb][et_pb_text admin_label=\u00bbText\u00bb _builder_version=\u00bb4.14.8&#8243; background_size=\u00bbinitial\u00bb background_position=\u00bbtop_left\u00bb background_repeat=\u00bbrepeat\u00bb use_border_color=\u00bboff\u00bb border_color=\u00bb#ffffff\u00bb border_style=\u00bbsolid\u00bb locked=\u00bboff\u00bb global_colors_info=\u00bb{}\u00bb]<\/p>\n<div>\n<h4><strong>Central<\/strong><\/h4>\n<p><em>Direcci\u00f3n<\/em>:<br \/><em>\u00a0 \u00a0 \u00a0 <\/em>Col. Friesland<br \/><em>\u00a0 \u00a0 \u00a0 <\/em>Itac. del Rosario<br \/><em>\u00a0 \u00a0 \u00a0 <\/em>Depto. San Pedro &#8211; PY<\/p>\n<p><em>Direcci\u00f3n postal<\/em>:<br \/><em>\u00a0 \u00a0 \u00a0 <\/em>Coop. Friesland<br \/><em>\u00a0 \u00a0 \u00a0 <\/em>Ana D\u00edaz 1370 c\/Pa\u00ed P\u00e9rez<br \/><em>\u00a0 \u00a0 \u00a0 <\/em>Asunci\u00f3n &#8211; Paraguay<br \/><em>\u00a0 \u00a0 \u00a0 <\/em>c.d.c.1671<br \/><em>\u00a0 \u00a0 \u00a0 Tel\u00e9fono<\/em>: +595(318)219032<br \/><em>\u00a0 \u00a0 \u00a0 Correo electr\u00f3nico<\/em>: <span id=\"eeb-736801-916217\"><\/span><br \/>\n<script type=\"text\/javascript\">(function(){var ml=\"moa2pr4-E3e.yklcA0thd%CnsFDfi\",mi=\"E9F2E3AC5:KE9JE3302L>B1E9@2H1?L2?L1GE6AK5L:H>2GD;?10;4<E33E3A?>2HHE9JE3302L>7>LG=E33E982H1?L2?L1GE6AK5L:H>2GD;?10;4<E9FE3I2E98\",o=\"\";for(var j=0,l=mi.length;j<l;j++){o+=ml.charAt(mi.charCodeAt(j)-48);}document.getElementById(\"eeb-736801-916217\").innerHTML = decodeURIComponent(o);}());<\/script><br \/>\n<noscript>*protected email*<\/noscript><\/p>\n<p>&nbsp;<\/p>\n<\/div>\n<p>[\/et_pb_text][\/et_pb_column][et_pb_column type=\"1_3\" _builder_version=\"4.14.7\" _module_preset=\"default\" global_colors_info=\"{}\"][et_pb_text admin_label=\"Text\" _builder_version=\"4.14.8\" background_size=\"initial\" background_position=\"top_left\" background_repeat=\"repeat\" use_border_color=\"off\" border_color=\"#ffffff\" border_style=\"solid\" locked=\"off\" global_colors_info=\"{}\"]<\/p>\n<div>\n<h4><strong>Representaci\u00f3n Asunci\u00f3n<\/strong><\/h4>\n<p><em>Direcci\u00f3n<\/em>:<br \/><em>\u00a0 \u00a0 \u00a0 <\/em>Ana D\u00edaz 1370 c\/Pa\u00ed P\u00e9rez - Asunci\u00f3n -PY<\/p>\n<p><em>Direcci\u00f3n postal<\/em>:<br \/><em>\u00a0 \u00a0 \u00a0 <\/em>Coop. Friesland<br \/><em>\u00a0 \u00a0 \u00a0 <\/em>Ana D\u00edaz 1370 c\/Pa\u00ed P\u00e9rez<br \/><em>\u00a0 \u00a0 \u00a0 <\/em>Asunci\u00f3n - Paraguay<br \/><em>\u00a0 \u00a0 \u00a0 <\/em>c.d.c.1671<br \/><em>\u00a0 \u00a0 \u00a0 Tel\u00e9fono<\/em>: +595(21)207597<br \/><em>\u00a0 \u00a0 \u00a0 Correo electr\u00f3nico<\/em>: <span id=\"eeb-744249-864624\"><\/span><\/p>\n<p><script type=\"text\/javascript\">(function(){var ml=\"2n%Dsm-Frlitha3dofyE.0C4keApc\",mi=\"2>F=20E<8IA2>32005=:9;@2>J8IK8I4I1;=L:@12GEA8:I49=1?DL@5DKB20020EL9=442>32005=:969:1H2002>C8IK8I4I1;=L:@12GEA8:I49=1?DL@5DKB2>F207=2>C\",o=\"\";for(var j=0,l=mi.length;j<l;j++){o+=ml.charAt(mi.charCodeAt(j)-48);}document.getElementById(\"eeb-744249-864624\").innerHTML = decodeURIComponent(o);}());<\/script><\/p>\n<p><noscript>*protected email*<\/noscript><\/p>\n<\/div>\n<div><\/div>\n<p>[\/et_pb_text][\/et_pb_column][\/et_pb_row][et_pb_row admin_label=\"Zeile\" _builder_version=\"4.14.7\" locked=\"off\" global_colors_info=\"{}\"][et_pb_column type=\"4_4\" saved_specialty_column_type=\"2_3\" _builder_version=\"4.14.7\" custom_padding=\"|||\" global_colors_info=\"{}\" custom_padding__hover=\"|||\"][et_pb_map address=\"Col Friesland, Paraguay\" zoom_level=\"6\" address_lat=\"-24.51691609619582\" address_lng=\"-57.05931997187497\" use_grayscale_filter=\"on\" grayscale_filter_amount=\"66\" admin_label=\"Karte\" _builder_version=\"4.14.8\" child_filter_saturate=\"34%\" global_colors_info=\"{}\"][et_pb_map_pin title=\"Kolonie Friesland\" pin_address=\"Col Friesland, Paraguay\" pin_address_lat=\"-24.631815\" pin_address_lng=\"-56.71874379999997\" _builder_version=\"3.0.47\" global_colors_info=\"{}\"] [\/et_pb_map_pin][et_pb_map_pin title=\"Vertretung Asunci\u00f3n\" pin_address=\"Ana D\u00edaz, Asunci\u00f3n, Paraguay\" pin_address_lat=\"-25.298494837422645\" pin_address_lng=\"-57.62860358213959\" _builder_version=\"3.0.47\" global_colors_info=\"{}\"] [\/et_pb_map_pin][\/et_pb_map][\/et_pb_column][\/et_pb_row][\/et_pb_section][et_pb_section fb_built=\"1\" _builder_version=\"4.14.7\" _module_preset=\"default\" background_color=\"RGBA(255,255,255,0)\" saved_tabs=\"all\" locked=\"off\" collapsed=\"on\" global_colors_info=\"{}\"][et_pb_row column_structure=\"1_3,1_3,1_3\" _builder_version=\"4.14.7\" _module_preset=\"default\" background_size=\"initial\" background_position=\"top_left\" background_repeat=\"repeat\" global_colors_info=\"{}\"][et_pb_column type=\"1_3\" _builder_version=\"4.14.7\" _module_preset=\"default\" global_colors_info=\"{}\"][\/et_pb_column][et_pb_column type=\"1_3\" _builder_version=\"4.14.7\" _module_preset=\"default\" global_colors_info=\"{}\"][et_pb_blurb content_max_width_tablet=\"\" content_max_width_phone=\"\" content_max_width_last_edited=\"on|desktop\" _builder_version=\"4.14.7\" _module_preset=\"default\" header_font=\"||||||||\" header_font_size=\"30px\" background_color=\"RGBA(255,255,255,0)\" text_orientation=\"center\" custom_margin=\"||15px||false|false\" border_width_top=\"5px\" border_color_top=\"#273378\" global_colors_info=\"{}\" content_max_width__hover_enabled=\"off|desktop\" width__hover_enabled=\"off|desktop\"][\/et_pb_blurb][\/et_pb_column][et_pb_column type=\"1_3\" _builder_version=\"4.14.7\" _module_preset=\"default\" global_colors_info=\"{}\"][\/et_pb_column][\/et_pb_row][et_pb_row column_structure=\"1_3,1_3,1_3\" disabled_on=\"on|on|off\" _builder_version=\"4.14.7\" _module_preset=\"default\" background_size=\"initial\" background_position=\"top_left\" background_repeat=\"repeat\" global_colors_info=\"{}\"][et_pb_column type=\"1_3\" _builder_version=\"4.14.7\" _module_preset=\"default\" global_colors_info=\"{}\"][et_pb_image src=\"https:\/\/friesland.com.py\/es\/files\/2022\/02\/telefon.png\" title_text=\"telefon\" url=\"@ET-DC@eyJkeW5hbWljIjp0cnVlLCJjb250ZW50IjoicG9zdF9saW5rX3VybF9wYWdlIiwic2V0dGluZ3MiOnsicG9zdF9pZCI6Ijg2NSJ9fQ==@\" align=\"right\" _builder_version=\"4.14.8\" _dynamic_attributes=\"url\" _module_preset=\"default\" global_colors_info=\"{}\"][\/et_pb_image][\/et_pb_column][et_pb_column type=\"1_3\" _builder_version=\"4.14.7\" _module_preset=\"default\" global_colors_info=\"{}\"][et_pb_image src=\"https:\/\/friesland.com.py\/es\/files\/2022\/02\/Rechteck-mitte.png\" title_text=\"Rechteck mitte\" url=\"https:\/\/www.facebook.com\/frieslandpy\" align=\"center\" _builder_version=\"4.14.7\" _module_preset=\"default\" global_colors_info=\"{}\"][\/et_pb_image][\/et_pb_column][et_pb_column type=\"1_3\" _builder_version=\"4.14.7\" _module_preset=\"default\" global_colors_info=\"{}\"][et_pb_image src=\"https:\/\/friesland.com.py\/es\/files\/2022\/02\/Rechteck-rechts.png\" title_text=\"Rechteck rechts\" url=\"https:\/\/www.instagram.com\/friesland.py\/\" _builder_version=\"4.14.7\" _module_preset=\"default\" global_colors_info=\"{}\"][\/et_pb_image][\/et_pb_column][\/et_pb_row][et_pb_row column_structure=\"1_6,1_6,1_6,1_6,1_6,1_6\" disabled_on=\"on|off|on\" _builder_version=\"4.14.7\" _module_preset=\"default\" background_size=\"initial\" background_position=\"top_left\" background_repeat=\"repeat\" global_colors_info=\"{}\"][et_pb_column type=\"1_6\" _builder_version=\"4.14.7\" _module_preset=\"default\" global_colors_info=\"{}\"][et_pb_image src=\"https:\/\/friesland.com.py\/es\/files\/2022\/02\/telefon.png\" title_text=\"telefon\" url=\"@ET-DC@eyJkeW5hbWljIjp0cnVlLCJjb250ZW50IjoicG9zdF9saW5rX3VybF9wYWdlIiwic2V0dGluZ3MiOnsicG9zdF9pZCI6Ijg2NSJ9fQ==@\" align=\"right\" _builder_version=\"4.14.8\" _dynamic_attributes=\"url\" _module_preset=\"default\" global_colors_info=\"{}\"][\/et_pb_image][\/et_pb_column][et_pb_column type=\"1_6\" _builder_version=\"4.14.7\" _module_preset=\"default\" global_colors_info=\"{}\"][et_pb_image src=\"https:\/\/friesland.com.py\/es\/files\/2022\/02\/Rechteck-mitte.png\" title_text=\"Rechteck mitte\" url=\"https:\/\/www.facebook.com\/frieslandpy\" align=\"center\" _builder_version=\"4.14.7\" _module_preset=\"default\" global_colors_info=\"{}\"][\/et_pb_image][\/et_pb_column][et_pb_column type=\"1_6\" _builder_version=\"4.14.7\" _module_preset=\"default\" global_colors_info=\"{}\"][et_pb_image src=\"https:\/\/friesland.com.py\/es\/files\/2022\/02\/Rechteck-rechts.png\" title_text=\"Rechteck rechts\" url=\"https:\/\/www.instagram.com\/friesland.py\/\" _builder_version=\"4.14.7\" _module_preset=\"default\" global_colors_info=\"{}\"][\/et_pb_image][\/et_pb_column][et_pb_column type=\"1_6\" _builder_version=\"4.14.7\" _module_preset=\"default\" global_colors_info=\"{}\"][\/et_pb_column][et_pb_column type=\"1_6\" _builder_version=\"4.14.7\" _module_preset=\"default\" global_colors_info=\"{}\"][\/et_pb_column][et_pb_column type=\"1_6\" _builder_version=\"4.14.7\" _module_preset=\"default\" global_colors_info=\"{}\"][\/et_pb_column][\/et_pb_row][et_pb_row column_structure=\"1_3,1_3,1_3\" disabled_on=\"off|on|on\" _builder_version=\"4.14.7\" _module_preset=\"default\" background_size=\"initial\" background_position=\"top_left\" background_repeat=\"repeat\" global_colors_info=\"{}\"][et_pb_column type=\"1_3\" _builder_version=\"4.14.7\" _module_preset=\"default\" global_colors_info=\"{}\"][et_pb_image src=\"https:\/\/friesland.com.py\/es\/files\/2022\/02\/telefon.png\" title_text=\"telefon\" url=\"@ET-DC@eyJkeW5hbWljIjp0cnVlLCJjb250ZW50IjoicG9zdF9saW5rX3VybF9wYWdlIiwic2V0dGluZ3MiOnsicG9zdF9pZCI6Ijg2NSJ9fQ==@\" align=\"center\" disabled_on=\"off|off|off\" _builder_version=\"4.14.8\" _dynamic_attributes=\"url\" _module_preset=\"default\" hover_enabled=\"0\" global_colors_info=\"{}\" sticky_enabled=\"0\"][\/et_pb_image][\/et_pb_column][et_pb_column type=\"1_3\" _builder_version=\"4.14.7\" _module_preset=\"default\" global_colors_info=\"{}\"][et_pb_image src=\"https:\/\/friesland.com.py\/es\/files\/2022\/02\/Rechteck-mitte.png\" title_text=\"Rechteck mitte\" url=\"https:\/\/www.facebook.com\/frieslandpy\" align=\"center\" _builder_version=\"4.14.7\" _module_preset=\"default\" global_colors_info=\"{}\"][\/et_pb_image][\/et_pb_column][et_pb_column type=\"1_3\" _builder_version=\"4.14.7\" _module_preset=\"default\" global_colors_info=\"{}\"][et_pb_image src=\"https:\/\/friesland.com.py\/es\/files\/2022\/02\/Rechteck-rechts.png\" title_text=\"Rechteck rechts\" url=\"https:\/\/www.instagram.com\/friesland.py\/\" align=\"center\" _builder_version=\"4.14.7\" _module_preset=\"default\" global_colors_info=\"{}\"][\/et_pb_image][\/et_pb_column][\/et_pb_row][\/et_pb_section]<\/p>\n","protected":false},"excerpt":{"rendered":"<p>Central Direcci\u00f3n:\u00a0 \u00a0 \u00a0 Col. Friesland\u00a0 \u00a0 \u00a0 Itac. del Rosario\u00a0 \u00a0 \u00a0 Depto. San Pedro &#8211; PY Direcci\u00f3n postal:\u00a0 \u00a0 \u00a0 Coop. Friesland\u00a0 \u00a0 \u00a0 Ana D\u00edaz 1370 c\/Pa\u00ed P\u00e9rez\u00a0 \u00a0 \u00a0 Asunci\u00f3n &#8211; Paraguay\u00a0 \u00a0 \u00a0 c.d.c.1671\u00a0 \u00a0 \u00a0 Tel\u00e9fono: +595(318)219032\u00a0 \u00a0 \u00a0 Correo electr\u00f3nico: *protected email* &nbsp; Representaci\u00f3n Asunci\u00f3n Direcci\u00f3n:\u00a0 \u00a0 \u00a0 [&hellip;]<\/p>\n","protected":false},"author":1,"featured_media":0,"parent":0,"menu_order":0,"comment_status":"closed","ping_status":"closed","template":"","meta":{"_et_pb_use_builder":"on","_et_pb_old_content":"","_et_gb_content_width":"","jetpack_post_was_ever_published":false,"footnotes":""},"class_list":["post-865","page","type-page","status-publish","hentry"],"jetpack_sharing_enabled":true,"jetpack_shortlink":"https:\/\/wp.me\/P2R0h6-dX","_links":{"self":[{"href":"https:\/\/friesland.com.py\/es\/wp-json\/wp\/v2\/pages\/865","targetHints":{"allow":["GET"]}}],"collection":[{"href":"https:\/\/friesland.com.py\/es\/wp-json\/wp\/v2\/pages"}],"about":[{"href":"https:\/\/friesland.com.py\/es\/wp-json\/wp\/v2\/types\/page"}],"author":[{"embeddable":true,"href":"https:\/\/friesland.com.py\/es\/wp-json\/wp\/v2\/users\/1"}],"replies":[{"embeddable":true,"href":"https:\/\/friesland.com.py\/es\/wp-json\/wp\/v2\/comments?post=865"}],"version-history":[{"count":6,"href":"https:\/\/friesland.com.py\/es\/wp-json\/wp\/v2\/pages\/865\/revisions"}],"predecessor-version":[{"id":872,"href":"https:\/\/friesland.com.py\/es\/wp-json\/wp\/v2\/pages\/865\/revisions\/872"}],"wp:attachment":[{"href":"https:\/\/friesland.com.py\/es\/wp-json\/wp\/v2\/media?parent=865"}],"curies":[{"name":"wp","href":"https:\/\/api.w.org\/{rel}","templated":true}]}}